{"id":14551,"date":"2023-11-03T14:58:25","date_gmt":"2023-11-03T14:58:25","guid":{"rendered":"https:\/\/graphired.com\/producto\/papier-ingraissable-papier-ingraissable-blanc-29x30cm-grafica-papernews-2000-pcs\/"},"modified":"2024-08-28T12:56:58","modified_gmt":"2024-08-28T12:56:58","slug":"papier-ingraissable-papier-ingraissable-blanc-29x30cm-grafica-papernews-2000-pcs","status":"publish","type":"product","link":"https:\/\/graphired.com\/fr\/produit\/papier-ingraissable-papier-ingraissable-blanc-29x30cm-grafica-papernews-2000-pcs\/","title":{"rendered":"Papier ingraissable Papier ingraissable blanc 29x30cm Grafica PaperNews &#8211; 2000 pcs"},"content":{"rendered":"<div class=\"group final-completion w-full text-token-text-primary border-b border-black\/10 gizmo:border-0 dark:border-gray-900\/50 gizmo:dark:border-0 bg-gray-50 gizmo:bg-transparent dark:bg-[#444654] gizmo:dark:bg-transparent\" data-testid=\"conversation-turn-64\">\n<div class=\"p-4 justify-center text-base md:gap-6 md:py-6 m-auto\">\n<div class=\"flex flex-1 gap-4 text-base mx-auto md:gap-6 gizmo:gap-3 gizmo:md:px-5 gizmo:lg:px-1 gizmo:xl:px-5 md:max-w-2xl lg:max-w-[38rem] gizmo:md:max-w-3xl gizmo:lg:max-w-[40rem] gizmo:xl:max-w-[48rem] xl:max-w-3xl }\">\n<div class=\"flex-shrink-0 flex flex-col relative items-end\">\n<div><\/div>\n<div class=\"text-xs flex items-center justify-center gap-1 absolute left-0 top-2 -ml-4 -translate-x-full gizmo:top-1 gizmo:-ml-6 invisible\"><strong>\ud83e\udd6a Papier sulfuris\u00e9 :<\/strong> <strong>Un style exceptionnel pour vos bouch\u00e9es pr\u00e9f\u00e9r\u00e9es<\/strong><\/div>\n<\/div>\n<div class=\"relative flex w-[calc(100%-50px)] flex-col gizmo:w-full lg:w-[calc(100%-115px)] agent-turn\">\n<div class=\"flex-col gap-1 md:gap-3\">\n<div class=\"flex flex-grow flex-col gap-3 max-w-full\">\n<div class=\"min-h-[20px] flex flex-col items-start gap-3 whitespace-pre-wrap break-words overflow-x-auto\">\n<div class=\"markdown prose w-full break-words dark:prose-invert light\">  Fais l&rsquo;exp\u00e9rience de l&rsquo;excellence culinaire avec notre papier ingraissable, con\u00e7u pour emballer tes friandises pr\u00e9f\u00e9r\u00e9es avec style :  <\/p>\n<ul>\n<li><strong>R\u00e9sistance \u00e0 la graisse :<\/strong> \ud83e\uddfc Gardez vos mains propres et s\u00e8ches, car le papier emp\u00eache les huiles de s&rsquo;infiltrer.<\/li>\n<li><strong>Convient au micro-ondes et au four conventionnel\ud83d\udcc7 : <\/strong>220\u00baC &#8211; 30 Min. Max.<\/li>\n<li><strong>Vari\u00e9t\u00e9 de couleurs et de personnalisation :<\/strong> \ud83c\udfa8 Choisissez entre les options blanc et kraft pour une pr\u00e9sentation visuellement captivante.<\/li>\n<li><strong>Polyvalence :<\/strong> \ud83c\udf7d\ufe0f Id\u00e9al pour une grande vari\u00e9t\u00e9 de repas, des sandwichs aux wraps, en passant par les cr\u00eapes, les p\u00e2tisseries et bien plus encore.<\/li>\n<li><strong>Recyclable :<\/strong> \ud83d\udd01 Contribue au cycle de recyclage, en prenant soin de l&rsquo;environnement.<\/li>\n<li><strong>Large application :<\/strong> \ud83c\udfe2 Parfait pour les restaurants, les caf\u00e9s, les boulangeries, les \u00e9v\u00e9nements \u00e0 domicile et plus encore.<\/li>\n<li><strong>Qualit\u00e9 sup\u00e9rieure :<\/strong> \ud83c\udf1f Papier sulfuris\u00e9 de haute qualit\u00e9 pour une exp\u00e9rience de cuisson exceptionnelle.<\/li>\n<li><strong>Touche d&rsquo;\u00e9l\u00e9gance :<\/strong> \ud83d\udcbc Combine fonctionnalit\u00e9 et style en une seule solution.<\/li>\n<\/ul>\n<p>  Ces sachets offrent non seulement un moyen pratique de d\u00e9guster tes collations, mais ils ajoutent aussi une touche de sophistication \u00e0 chaque bouch\u00e9e. \ud83c\udf1f\ud83c\udf7d\ufe0f\ud83c\udf3f  <\/p><\/div>\n<\/div>\n<\/div>\n<\/div>\n<\/div>\n<\/div>\n<\/div>\n<\/div>\n","protected":false},"excerpt":{"rendered":"<div class=\"flex-shrink-0 flex flex-col relative items-end\">\n<div><\/div>\n<div class=\"text-xs flex items-center justify-center gap-1 absolute left-0 top-2 -ml-4 -translate-x-full gizmo:top-1 gizmo:-ml-6 invisible\"><strong>\ud83e\udd6a Sacs en papier imperm\u00e9able \u00e0 la graisse :<\/strong> <strong>Un style exceptionnel pour vos collations pr\u00e9f\u00e9r\u00e9es.<\/strong><\/div>\n<\/div>\n<div class=\"relative flex w-[calc(100%-50px)] flex-col gizmo:w-full lg:w-[calc(100%-115px)] agent-turn\">\n<div class=\"flex-col gap-1 md:gap-3\">\n<div class=\"flex flex-grow flex-col gap-3 max-w-full\">\n<div class=\"min-h-[20px] flex flex-col items-start gap-3 whitespace-pre-wrap break-words overflow-x-auto\">\n<div class=\"markdown prose w-full break-words dark:prose-invert light\">  Fais l&rsquo;exp\u00e9rience de l&rsquo;excellence culinaire avec nos enveloppes en papier ingraissable, con\u00e7ues pour mettre en valeur tes friandises pr\u00e9f\u00e9r\u00e9es avec style :  <\/p>\n<ul>\n<li><strong>R\u00e9sistance \u00e0 la graisse :<\/strong> \ud83e\uddfc Gardez vos mains propres et s\u00e8ches, car le papier emp\u00eache les huiles de s&rsquo;infiltrer.<\/li>\n<li><strong>Convient au micro-ondes et au four conventionnel\ud83d\udcc7 : <\/strong>220\u00baC &#8211; 30 Min. Max.<\/li>\n<li><strong>Vari\u00e9t\u00e9 de couleurs et de personnalisation :<\/strong> \ud83c\udfa8 Choisissez entre les options blanc et kraft pour une pr\u00e9sentation visuellement captivante.<\/li>\n<li><strong>Polyvalence :<\/strong> \ud83c\udf7d\ufe0f Id\u00e9al pour une grande vari\u00e9t\u00e9 de repas, des sandwichs, des wraps, des cr\u00eapes et bien plus encore.<\/li>\n<li><strong>Recyclable :<\/strong> \ud83d\udd01 Contribue au cycle de recyclage, en prenant soin de l&rsquo;environnement.<\/li>\n<li><strong>Large application :<\/strong> \ud83c\udfe2 Parfait pour les restaurants, les caf\u00e9s, les \u00e9v\u00e9nements \u00e0 domicile et plus encore.<\/li>\n<li><strong>Qualit\u00e9 sup\u00e9rieure :<\/strong> \ud83c\udf1f Papier sulfuris\u00e9 de haute qualit\u00e9 pour une exp\u00e9rience de cuisson exceptionnelle.<\/li>\n<li><strong>Touche d&rsquo;\u00e9l\u00e9gance :<\/strong> \ud83d\udcbc Combine fonctionnalit\u00e9 et style en une seule solution.<\/li>\n<\/ul>\n<p>  Ces sachets offrent non seulement un moyen pratique de d\u00e9guster tes collations, mais ils ajoutent aussi une touche de sophistication \u00e0 chaque bouch\u00e9e. \ud83c\udf1f\ud83c\udf7d\ufe0f\ud83c\udf3f  <\/p><\/div>\n<\/div>\n<\/div>\n<\/div>\n<\/div>\n","protected":false},"featured_media":14568,"template":"","meta":{"_acf_changed":false},"product_brand":[],"product_cat":[1551],"product_tag":[],"class_list":{"0":"post-14551","1":"product","2":"type-product","3":"status-publish","4":"has-post-thumbnail","6":"product_cat-papier-ingraissable","7":"pa_apto-microondas-oui","8":"pa_biodegradable-compostable-non","9":"pa_color-grafica-papernews-blanc","10":"pa_color-grafica-personnalise","11":"pa_material-papier-sulfurise","13":"first","14":"instock","15":"taxable","16":"shipping-taxable","17":"purchasable","18":"product-type-variable"},"acf":[],"_links":{"self":[{"href":"https:\/\/graphired.com\/fr\/wp-json\/wp\/v2\/product\/14551","targetHints":{"allow":["GET"]}}],"collection":[{"href":"https:\/\/graphired.com\/fr\/wp-json\/wp\/v2\/product"}],"about":[{"href":"https:\/\/graphired.com\/fr\/wp-json\/wp\/v2\/types\/product"}],"version-history":[{"count":0,"href":"https:\/\/graphired.com\/fr\/wp-json\/wp\/v2\/product\/14551\/revisions"}],"wp:featuredmedia":[{"embeddable":true,"href":"https:\/\/graphired.com\/fr\/wp-json\/wp\/v2\/media\/14568"}],"wp:attachment":[{"href":"https:\/\/graphired.com\/fr\/wp-json\/wp\/v2\/media?parent=14551"}],"wp:term":[{"taxonomy":"product_brand","embeddable":true,"href":"https:\/\/graphired.com\/fr\/wp-json\/wp\/v2\/product_brand?post=14551"},{"taxonomy":"product_cat","embeddable":true,"href":"https:\/\/graphired.com\/fr\/wp-json\/wp\/v2\/product_cat?post=14551"},{"taxonomy":"product_tag","embeddable":true,"href":"https:\/\/graphired.com\/fr\/wp-json\/wp\/v2\/product_tag?post=14551"}],"curies":[{"name":"wp","href":"https:\/\/api.w.org\/{rel}","templated":true}]}}