{"id":14524,"date":"2023-10-30T11:08:37","date_gmt":"2023-10-30T11:08:37","guid":{"rendered":"https:\/\/graphired.com\/producto\/sous-verres-carres-personnalises-9cm-200-280gr-m2-10-000-unites\/"},"modified":"2024-04-25T09:13:10","modified_gmt":"2024-04-25T09:13:10","slug":"sous-verres-carres-personnalises-9cm-200-280gr-m2-10-000-unites","status":"publish","type":"product","link":"https:\/\/graphired.com\/fr\/produit\/sous-verres-carres-personnalises-9cm-200-280gr-m2-10-000-unites\/","title":{"rendered":"Sous-verres carr\u00e9s personnalis\u00e9s 9cm &#8211; 200\/280gr\/m2 &#8211; 10.000 unit\u00e9s"},"content":{"rendered":"<p>Les sous-verres en carton personnalis\u00e9s sont des \u00e9l\u00e9ments cl\u00e9s dans le monde de l&rsquo;h\u00f4tellerie et de la promotion des marques. Ces accessoires polyvalents servent non seulement \u00e0 prot\u00e9ger les surfaces des dommages caus\u00e9s par les boissons, mais offrent \u00e9galement une occasion unique de faire une publicit\u00e9 efficace pour votre entreprise.<\/p>\n<ol>\n<li><strong>Promotion efficace de la marque : les<\/strong> sous-verres en carton personnalis\u00e9s vous permettent de placer votre logo, votre slogan, vos coordonn\u00e9es ou des dessins cr\u00e9atifs directement devant vos clients. Cela renforce la visibilit\u00e9 de votre marque et cr\u00e9e une impression durable dans l&rsquo;esprit des consommateurs.<\/li>\n<li>\ud83c\udfa8 <strong>Polyvalence du design :<\/strong> vous pouvez enti\u00e8rement personnaliser les sous-verres en carton en fonction de vos besoins. Qu&rsquo;il s&rsquo;agisse de dessins en couleur ou de messages promotionnels, vous disposez d&rsquo;une totale libert\u00e9 de cr\u00e9ation pour faire passer votre message.<\/li>\n<li>\ud83d\udee1\ufe0f <strong>Protection et fonctionnalit\u00e9 :<\/strong> outre leur fonction publicitaire, les sous-verres en carton prot\u00e8gent les surfaces des dommages caus\u00e9s par l&rsquo;humidit\u00e9 des boissons, ce qui est essentiel pour maintenir l&rsquo;hygi\u00e8ne et la qualit\u00e9 de vos tables.<\/li>\n<li>\ud83c\udfaf <strong>Vari\u00e9t\u00e9 de formes :<\/strong> Ces sous-verres sont disponibles dans une vari\u00e9t\u00e9 de formes, y compris rondes et carr\u00e9es, pour r\u00e9pondre \u00e0 vos besoins et pr\u00e9f\u00e9rences.<\/li>\n<li><strong>Mat\u00e9riaux de haute qualit\u00e9 :<\/strong> Les sous-verres en carton personnalis\u00e9s sont fabriqu\u00e9s \u00e0 partir de carton solide et durable, ce qui leur permet de r\u00e9sister \u00e0 une utilisation quotidienne dans votre entreprise.<\/li>\n<li><strong>Abordabilit\u00e9 :<\/strong> ils constituent une option \u00e9conomique pour promouvoir votre entreprise par rapport \u00e0 d&rsquo;autres m\u00e9thodes publicitaires et pr\u00e9sentent un rapport qualit\u00e9-prix imbattable.<\/li>\n<li>\ud83c\udf89 <strong>Id\u00e9al pour les \u00e9v\u00e9nements et les promotions :<\/strong> Les sous-verres personnalis\u00e9s sont parfaits pour les promotions temporaires, les \u00e9v\u00e9nements sp\u00e9ciaux ou les lancements de produits, car ils vous permettent d&rsquo;adapter votre message rapidement et efficacement.<\/li>\n<li><strong>Respect de l&rsquo;environnement :<\/strong> nos sous-verres personnalis\u00e9s en carton sont fabriqu\u00e9s \u00e0 partir de mat\u00e9riaux respectueux de l&rsquo;environnement et recyclables, ce qui t\u00e9moigne de notre engagement en faveur du d\u00e9veloppement durable.<\/li>\n<li><strong>Attractifs et m\u00e9morables :<\/strong> des sous-verres bien con\u00e7us peuvent devenir des objets de collection et de conversation, ce qui augmente la probabilit\u00e9 que les clients les ram\u00e8nent chez eux en guise de souvenirs.<\/li>\n<\/ol>\n<p>En r\u00e9sum\u00e9, les sous-verres en carton personnalis\u00e9s offrent une solution efficace et abordable pour promouvoir votre entreprise dans le secteur de l&rsquo;h\u00f4tellerie et de la restauration. Polyvalents, fonctionnels et attrayants, ils constituent un outil puissant pour accro\u00eetre la visibilit\u00e9 de votre marque et cr\u00e9er une exp\u00e9rience m\u00e9morable pour vos clients. \ud83c\udf7b\ud83d\udce2\ud83d\udcbc<\/p>\n","protected":false},"excerpt":{"rendered":"<p>Les sous-verres en carton personnalis\u00e9s sont des \u00e9l\u00e9ments cl\u00e9s dans le monde de l&rsquo;h\u00f4tellerie et de la promotion des marques. Ces accessoires polyvalents servent non seulement \u00e0 prot\u00e9ger les surfaces des dommages caus\u00e9s par les boissons, mais offrent \u00e9galement une occasion unique de faire une publicit\u00e9 efficace pour votre entreprise.<\/p>\n<ol>\n<li><strong>Promotion efficace de la marque : les<\/strong> sous-verres en carton personnalis\u00e9s vous permettent de placer votre logo, votre slogan, vos coordonn\u00e9es ou des dessins cr\u00e9atifs directement devant vos clients. Cela renforce la visibilit\u00e9 de votre marque et cr\u00e9e une impression durable dans l&rsquo;esprit des consommateurs.<\/li>\n<li>\ud83c\udfa8 <strong>Polyvalence du design :<\/strong> vous pouvez enti\u00e8rement personnaliser les sous-verres en carton en fonction de vos besoins. Qu&rsquo;il s&rsquo;agisse de dessins en couleur ou de messages promotionnels, vous disposez d&rsquo;une totale libert\u00e9 de cr\u00e9ation pour faire passer votre message.<\/li>\n<li>\ud83d\udee1\ufe0f <strong>Protection et fonctionnalit\u00e9 :<\/strong> outre leur fonction publicitaire, les sous-verres en carton prot\u00e8gent les surfaces des dommages caus\u00e9s par l&rsquo;humidit\u00e9 des boissons, ce qui est essentiel pour maintenir l&rsquo;hygi\u00e8ne et la qualit\u00e9 de vos tables.<\/li>\n<li>\ud83c\udfaf <strong>Vari\u00e9t\u00e9 de formes :<\/strong> Ces sous-verres sont disponibles dans une vari\u00e9t\u00e9 de formes, y compris rondes et carr\u00e9es, pour r\u00e9pondre \u00e0 vos besoins et pr\u00e9f\u00e9rences.<\/li>\n<li><strong>Mat\u00e9riaux de haute qualit\u00e9 :<\/strong> Les sous-verres en carton personnalis\u00e9s sont fabriqu\u00e9s \u00e0 partir de carton solide et durable, ce qui leur permet de r\u00e9sister \u00e0 une utilisation quotidienne dans votre entreprise.<\/li>\n<li><strong>Abordabilit\u00e9 :<\/strong> ils constituent une option \u00e9conomique pour promouvoir votre entreprise par rapport \u00e0 d&rsquo;autres m\u00e9thodes publicitaires et pr\u00e9sentent un rapport qualit\u00e9-prix imbattable.<\/li>\n<li>\ud83c\udf89 <strong>Id\u00e9al pour les \u00e9v\u00e9nements et les promotions :<\/strong> Les sous-verres personnalis\u00e9s sont parfaits pour les promotions temporaires, les \u00e9v\u00e9nements sp\u00e9ciaux ou les lancements de produits, car ils vous permettent d&rsquo;adapter votre message rapidement et efficacement.<\/li>\n<li><strong>Respect de l&rsquo;environnement :<\/strong> nos sous-verres personnalis\u00e9s en carton sont fabriqu\u00e9s \u00e0 partir de mat\u00e9riaux respectueux de l&rsquo;environnement et recyclables, ce qui t\u00e9moigne de notre engagement en faveur du d\u00e9veloppement durable.<\/li>\n<li><strong>Attractifs et m\u00e9morables :<\/strong> des sous-verres bien con\u00e7us peuvent devenir des objets de collection et de conversation, ce qui augmente la probabilit\u00e9 que les clients les ram\u00e8nent chez eux en guise de souvenirs.<\/li>\n<\/ol>\n<p>En r\u00e9sum\u00e9, les sous-verres en carton personnalis\u00e9s offrent une solution efficace et abordable pour promouvoir votre entreprise dans le secteur de l&rsquo;h\u00f4tellerie et de la restauration. Polyvalents, fonctionnels et attrayants, ils constituent un outil puissant pour accro\u00eetre la visibilit\u00e9 de votre marque et cr\u00e9er une exp\u00e9rience m\u00e9morable pour vos clients. \ud83c\udf7b\ud83d\udce2\ud83d\udcbc<\/p>\n","protected":false},"featured_media":14841,"template":"","meta":{"_acf_changed":false},"product_brand":[],"product_cat":[1671],"product_tag":[],"class_list":{"0":"post-14524","1":"product","2":"type-product","3":"status-publish","4":"has-post-thumbnail","6":"product_cat-sous-verres","7":"pa_apto-microondas-non","8":"pa_biodegradable-compostable-non","9":"pa_color-grafica-personnalise","10":"pa_color-grafica-personnalise-1-couleur","11":"pa_color-grafica-personnalise-2-couleurs","12":"pa_material-carton-fr","14":"first","15":"instock","16":"taxable","17":"shipping-taxable","18":"purchasable","19":"product-type-variable"},"acf":[],"_links":{"self":[{"href":"https:\/\/graphired.com\/fr\/wp-json\/wp\/v2\/product\/14524","targetHints":{"allow":["GET"]}}],"collection":[{"href":"https:\/\/graphired.com\/fr\/wp-json\/wp\/v2\/product"}],"about":[{"href":"https:\/\/graphired.com\/fr\/wp-json\/wp\/v2\/types\/product"}],"version-history":[{"count":0,"href":"https:\/\/graphired.com\/fr\/wp-json\/wp\/v2\/product\/14524\/revisions"}],"wp:featuredmedia":[{"embeddable":true,"href":"https:\/\/graphired.com\/fr\/wp-json\/wp\/v2\/media\/14841"}],"wp:attachment":[{"href":"https:\/\/graphired.com\/fr\/wp-json\/wp\/v2\/media?parent=14524"}],"wp:term":[{"taxonomy":"product_brand","embeddable":true,"href":"https:\/\/graphired.com\/fr\/wp-json\/wp\/v2\/product_brand?post=14524"},{"taxonomy":"product_cat","embeddable":true,"href":"https:\/\/graphired.com\/fr\/wp-json\/wp\/v2\/product_cat?post=14524"},{"taxonomy":"product_tag","embeddable":true,"href":"https:\/\/graphired.com\/fr\/wp-json\/wp\/v2\/product_tag?post=14524"}],"curies":[{"name":"wp","href":"https:\/\/api.w.org\/{rel}","templated":true}]}}