{"id":14496,"date":"2023-10-27T12:32:04","date_gmt":"2023-10-27T12:32:04","guid":{"rendered":"https:\/\/graphired.com\/producto\/couvercle-plat-transparent-en-pla-organique-pour-bocal-350-1000-pcs\/"},"modified":"2024-04-25T09:13:43","modified_gmt":"2024-04-25T09:13:43","slug":"couvercle-plat-transparent-en-pla-organique-pour-bocal-350-1000-pcs","status":"publish","type":"product","link":"https:\/\/graphired.com\/fr\/produit\/couvercle-plat-transparent-en-pla-organique-pour-bocal-350-1000-pcs\/","title":{"rendered":"Couvercle plat transparent en PLA biologique pour pot 350 &#8211; 1000 pcs."},"content":{"rendered":"<div class=\"group w-full text-token-text-primary border-b border-black\/10 gizmo:border-0 dark:border-gray-900\/50 gizmo:dark:border-0 bg-gray-50 gizmo:bg-transparent dark:bg-[#444654] gizmo:dark:bg-transparent\" data-testid=\"conversation-turn-5\">\n<div class=\"p-4 gizmo:py-2 justify-center text-base md:gap-6 md:py-6 m-auto\">\n<div class=\"flex flex-1 gap-4 text-base mx-auto md:gap-6 gizmo:gap-3 gizmo:md:px-5 gizmo:lg:px-1 gizmo:xl:px-5 md:max-w-2xl lg:max-w-[38rem] gizmo:md:max-w-3xl gizmo:lg:max-w-[40rem] gizmo:xl:max-w-[48rem] xl:max-w-3xl }\">\n<div class=\"relative flex w-[calc(100%-50px)] flex-col gizmo:w-full lg:w-[calc(100%-115px)] agent-turn\">\n<div class=\"flex-col gap-1 md:gap-3\">\n<div class=\"flex flex-grow flex-col gap-3 max-w-full\">\n<div class=\"min-h-[20px] flex flex-col items-start gap-3 whitespace-pre-wrap break-words overflow-x-auto\" data-message-author-role=\"assistant\" data-message-id=\"8e8044a3-f211-4457-bba0-41babfccb9d6\">\n<div class=\"markdown prose w-full break-words dark:prose-invert light\">\n<p>Couvercles plats transparents en PLA pour les pots : am\u00e9liore ton exp\u00e9rience des pots alimentaires avec nos couvercles de qualit\u00e9. Ces couvercles plats sont une solution polyvalente et durable pour vos besoins de transport de plats \u00e0 emporter.<\/p>\n<p>\ud83d\udecd\ufe0f Transport \u00e0 emporter sans stress : Nos couvercles plats transparents ne se contentent pas de pr\u00e9server la s\u00e9curit\u00e9 de tes pots alimentaires, ils ajoutent aussi de la commodit\u00e9 au transport \u00e0 emporter. Sa conception \u00e9tanche \u00e0 l&rsquo;air emp\u00eache tout d\u00e9bordement et garantit que vos repas ou desserts arrivent \u00e0 destination en parfait \u00e9tat.<\/p>\n<p>\ud83c\udf0d Engagement pour l&rsquo;environnement : Chaque casquette plate est fabriqu\u00e9e en PLA, un mat\u00e9riau biod\u00e9gradable et compostable qui contribue \u00e0 r\u00e9duire les d\u00e9chets et \u00e0 prendre soin de la plan\u00e8te. Savourez vos aliments pr\u00e9f\u00e9r\u00e9s de mani\u00e8re plus durable et sans vous soucier de l&rsquo;impact sur l&rsquo;environnement.<\/p>\n<p>\ud83d\ude80 Solution pratique et responsable : Nos couvercles plats sont le choix intelligent pour ceux qui recherchent la commodit\u00e9 et la durabilit\u00e9 dans chaque bouch\u00e9e. Qu&rsquo;il s&rsquo;agisse d&rsquo;un d\u00e9licieux dessert ou d&rsquo;un plat \u00e0 emporter, nos tapas rendent votre exp\u00e9rience agr\u00e9able et respectueuse de l&rsquo;environnement.<\/p>\n<p>En bref, nos couvercles plats PLA transparents sont le compl\u00e9ment parfait de vos bocaux alimentaires. Gardez vos repas frais et s\u00fbrs tout en contribuant \u00e0 la protection de l&rsquo;environnement. Profitez de la polyvalence, de la fonctionnalit\u00e9 et de l&rsquo;engagement durable dans chaque bouch\u00e9e. \ud83c\udf1f\ud83c\udf7d\ufe0f\ud83c\udf0d<\/p>\n<\/div>\n<\/div>\n<\/div>\n<\/div>\n<\/div>\n<\/div>\n<\/div>\n<\/div>\n","protected":false},"excerpt":{"rendered":"<p>Couvercles plats transparents en PLA pour les pots : am\u00e9liore ton exp\u00e9rience des pots alimentaires avec nos couvercles de qualit\u00e9. Ces couvercles plats sont une solution polyvalente et durable pour vos besoins de transport de plats \u00e0 emporter.<\/p>\n<p>\ud83d\udecd\ufe0f Transport \u00e0 emporter sans stress : Nos couvercles plats transparents ne se contentent pas de pr\u00e9server la s\u00e9curit\u00e9 de tes pots alimentaires, ils ajoutent aussi de la commodit\u00e9 au transport \u00e0 emporter. Sa conception \u00e9tanche \u00e0 l&rsquo;air emp\u00eache tout d\u00e9bordement et garantit que vos repas ou desserts arrivent \u00e0 destination en parfait \u00e9tat.<\/p>\n<p>\ud83c\udf0d Engagement pour l&rsquo;environnement : Chaque casquette plate est fabriqu\u00e9e en PLA, un mat\u00e9riau biod\u00e9gradable et compostable qui contribue \u00e0 r\u00e9duire les d\u00e9chets et \u00e0 prendre soin de la plan\u00e8te. Savourez vos aliments pr\u00e9f\u00e9r\u00e9s de mani\u00e8re plus durable et sans vous soucier de l&rsquo;impact sur l&rsquo;environnement.<\/p>\n<p>\ud83d\ude80 Solution pratique et responsable : Nos couvercles plats sont le choix intelligent pour ceux qui recherchent la commodit\u00e9 et la durabilit\u00e9 dans chaque bouch\u00e9e. Qu&rsquo;il s&rsquo;agisse d&rsquo;un d\u00e9licieux dessert ou d&rsquo;un plat \u00e0 emporter, nos tapas rendent votre exp\u00e9rience agr\u00e9able et respectueuse de l&rsquo;environnement.<\/p>\n<p>En bref, nos couvercles plats PLA transparents sont le compl\u00e9ment parfait de vos bocaux alimentaires. Gardez vos repas frais et s\u00fbrs tout en contribuant \u00e0 la protection de l&rsquo;environnement. Profitez de la polyvalence, de la fonctionnalit\u00e9 et de l&rsquo;engagement durable dans chaque bouch\u00e9e. \ud83c\udf1f\ud83c\udf7d\ufe0f\ud83c\udf0d<\/p>\n","protected":false},"featured_media":14498,"template":"","meta":{"_acf_changed":false},"product_brand":[],"product_cat":[1647,1648],"product_tag":[],"class_list":{"0":"post-14496","1":"product","2":"type-product","3":"status-publish","4":"has-post-thumbnail","6":"product_cat-couvercles-de-pots-en-plastique","7":"product_cat-bol-poke-saladier","8":"pa_apto-microondas-non","9":"pa_biodegradable-compostable-oui","10":"pa_color-grafica-transparent-fr","11":"pa_material-pla-fr","12":"pa_recipiente-compatible-pot-350","13":"pa_tipo-de-tapa-couvercle-plat-empilable","15":"first","16":"instock","17":"sale","18":"taxable","19":"shipping-taxable","20":"purchasable","21":"product-type-simple"},"acf":[],"_links":{"self":[{"href":"https:\/\/graphired.com\/fr\/wp-json\/wp\/v2\/product\/14496","targetHints":{"allow":["GET"]}}],"collection":[{"href":"https:\/\/graphired.com\/fr\/wp-json\/wp\/v2\/product"}],"about":[{"href":"https:\/\/graphired.com\/fr\/wp-json\/wp\/v2\/types\/product"}],"version-history":[{"count":0,"href":"https:\/\/graphired.com\/fr\/wp-json\/wp\/v2\/product\/14496\/revisions"}],"wp:featuredmedia":[{"embeddable":true,"href":"https:\/\/graphired.com\/fr\/wp-json\/wp\/v2\/media\/14498"}],"wp:attachment":[{"href":"https:\/\/graphired.com\/fr\/wp-json\/wp\/v2\/media?parent=14496"}],"wp:term":[{"taxonomy":"product_brand","embeddable":true,"href":"https:\/\/graphired.com\/fr\/wp-json\/wp\/v2\/product_brand?post=14496"},{"taxonomy":"product_cat","embeddable":true,"href":"https:\/\/graphired.com\/fr\/wp-json\/wp\/v2\/product_cat?post=14496"},{"taxonomy":"product_tag","embeddable":true,"href":"https:\/\/graphired.com\/fr\/wp-json\/wp\/v2\/product_tag?post=14496"}],"curies":[{"name":"wp","href":"https:\/\/api.w.org\/{rel}","templated":true}]}}