{"id":14482,"date":"2023-12-13T12:21:47","date_gmt":"2023-12-13T12:21:47","guid":{"rendered":"https:\/\/graphired.com\/producto\/plateau-en-carton-222x140-mm-compostable-l-300-pcs\/"},"modified":"2024-08-29T09:05:42","modified_gmt":"2024-08-29T09:05:42","slug":"plateau-en-carton-222x140-mm-compostable-l-300-pcs","status":"publish","type":"product","link":"https:\/\/graphired.com\/fr\/produit\/plateau-en-carton-222x140-mm-compostable-l-300-pcs\/","title":{"rendered":"Barquettes kraft 222&#215;140 mm 1100 ml &#8211; 300 pcs."},"content":{"rendered":"<h3>Plateau en carton<\/h3>\n<p>  \ud83d\udce6 Plateau en carton kraft vierge id\u00e9al pour la vente \u00e0 emporter. \ud83c\udf54 Plateau en carton polyvalent pour servir et transporter tout type d&rsquo;aliments&#8230;. M\u00eame avec des sauces. \ud83d\udd25 Sp\u00e9cialement con\u00e7u pour les repas chauds. \ud83d\udcaa Extra robuste pour r\u00e9sister \u00e0 diverses conditions alimentaires et de manipulation. En r\u00e9sum\u00e9, cet emballage carton offre praticit\u00e9 et s\u00e9curit\u00e9 pour le transport des aliments, gr\u00e2ce \u00e0 des caract\u00e9ristiques telles qu&rsquo;une r\u00e9sistance accrue, et convient \u00e0 une large gamme d&rsquo;aliments, y compris les aliments chauds.<\/p>\n","protected":false},"excerpt":{"rendered":"<h3>Plateau en carton<\/h3>\n<p>  \ud83d\udce6 Plateau en carton kraft vierge id\u00e9al pour la vente \u00e0 emporter. \ud83c\udf54 Plateau en carton polyvalent pour servir et transporter tout type d&rsquo;aliments&#8230;. M\u00eame avec des sauces. \ud83d\udd25 Sp\u00e9cialement con\u00e7u pour les repas chauds. \ud83d\udcaa Extra robuste pour r\u00e9sister \u00e0 diverses conditions alimentaires et de manipulation. En r\u00e9sum\u00e9, cet emballage carton offre praticit\u00e9 et s\u00e9curit\u00e9 pour le transport des aliments, gr\u00e2ce \u00e0 des caract\u00e9ristiques telles qu&rsquo;une r\u00e9sistance accrue, et convient \u00e0 une large gamme d&rsquo;aliments, y compris les aliments chauds.<\/p>\n","protected":false},"featured_media":14487,"template":"","meta":{"_acf_changed":false},"product_brand":[],"product_cat":[1527],"product_tag":[],"class_list":{"0":"post-14482","1":"product","2":"type-product","3":"status-publish","4":"has-post-thumbnail","6":"product_cat-plateau-en-carton","7":"pa_apto-microondas-oui","8":"pa_color-grafica-avana-fr","9":"pa_color-grafica-marron-fr","10":"pa_color-grafica-nature-fr","11":"pa_material-carton-fr","13":"first","14":"instock","15":"sale","16":"taxable","17":"shipping-taxable","18":"purchasable","19":"product-type-simple"},"acf":[],"_links":{"self":[{"href":"https:\/\/graphired.com\/fr\/wp-json\/wp\/v2\/product\/14482","targetHints":{"allow":["GET"]}}],"collection":[{"href":"https:\/\/graphired.com\/fr\/wp-json\/wp\/v2\/product"}],"about":[{"href":"https:\/\/graphired.com\/fr\/wp-json\/wp\/v2\/types\/product"}],"version-history":[{"count":0,"href":"https:\/\/graphired.com\/fr\/wp-json\/wp\/v2\/product\/14482\/revisions"}],"wp:featuredmedia":[{"embeddable":true,"href":"https:\/\/graphired.com\/fr\/wp-json\/wp\/v2\/media\/14487"}],"wp:attachment":[{"href":"https:\/\/graphired.com\/fr\/wp-json\/wp\/v2\/media?parent=14482"}],"wp:term":[{"taxonomy":"product_brand","embeddable":true,"href":"https:\/\/graphired.com\/fr\/wp-json\/wp\/v2\/product_brand?post=14482"},{"taxonomy":"product_cat","embeddable":true,"href":"https:\/\/graphired.com\/fr\/wp-json\/wp\/v2\/product_cat?post=14482"},{"taxonomy":"product_tag","embeddable":true,"href":"https:\/\/graphired.com\/fr\/wp-json\/wp\/v2\/product_tag?post=14482"}],"curies":[{"name":"wp","href":"https:\/\/api.w.org\/{rel}","templated":true}]}}