{"id":14420,"date":"2024-01-03T08:15:09","date_gmt":"2024-01-03T08:15:09","guid":{"rendered":"https:\/\/graphired.com\/producto\/bande-autocollante-personnalisee-pour-sac\/"},"modified":"2024-06-10T15:36:44","modified_gmt":"2024-06-10T15:36:44","slug":"bande-autocollante-personnalisee-pour-sac","status":"publish","type":"product","link":"https:\/\/graphired.com\/fr\/produit\/bande-autocollante-personnalisee-pour-sac\/","title":{"rendered":"Bande autocollante personnalis\u00e9e pour sac"},"content":{"rendered":"<p><strong>Bande autocollante de fermeture de sac personnalis\u00e9e<\/strong><\/p>\n<p>Donnez \u00e0 vos produits une touche unique gr\u00e2ce \u00e0 nos \u00e9tonnantes bandes adh\u00e9sives personnalis\u00e9es pour la fermeture des sacs ! Ces bandes permettent non seulement de conserver la fra\u00eecheur et la s\u00e9curit\u00e9 de vos produits, mais aussi d&rsquo;ajouter une touche personnalis\u00e9e qui met en valeur votre marque.<\/p>\n<p><strong>Caract\u00e9ristiques exceptionnelles :<\/strong><\/p>\n<ol>\n<li><strong>Personnalisation exclusive :<\/strong> Cr\u00e9ez votre propre bande d&rsquo;autocollants avec le logo de votre entreprise, votre slogan ou tout autre motif repr\u00e9sentant votre marque. D\u00e9marquez-vous et laissez une impression durable \u00e0 vos clients.<\/li>\n<li><strong>Polyvalence :<\/strong> parfait pour un large \u00e9ventail d&rsquo;applications, de l&#8217;emballage alimentaire aux produits artisanaux et aux cadeaux. Les bandes adh\u00e9sives personnalis\u00e9es s&rsquo;adaptent \u00e0 n&rsquo;importe quel sac et assurent une fermeture s\u00fbre et professionnelle.<\/li>\n<li><strong>Qualit\u00e9 sup\u00e9rieure :<\/strong> Fabriqu\u00e9es \u00e0 partir de mat\u00e9riaux de haute qualit\u00e9, ces bandes adh\u00e9sives garantissent un scellement solide et durable. Prot\u00e9gez efficacement vos produits et faites preuve d&rsquo;un souci du d\u00e9tail que vos clients appr\u00e9cieront.<\/li>\n<li><strong>Une candidature facile :<\/strong> L&rsquo;application est rapide et facile. Il suffit de retirer le support et d&rsquo;attacher la bande au sac. L&rsquo;adh\u00e9sif puissant garantit une fermeture s\u00fbre et simple.<\/li>\n<li><strong>Augmentation de la visibilit\u00e9 de la marque :<\/strong> en incluant votre marque sur la bande autocollante, vous cr\u00e9ez un puissant outil de marketing. Chaque fois qu&rsquo;un client utilise ou voit votre produit, il se souvient de votre marque de mani\u00e8re positive.<\/li>\n<\/ol>\n<p><strong>Am\u00e9liorez la pr\u00e9sentation de vos produits :<\/strong><\/p>\n<p>Avec ces bandes adh\u00e9sives personnalis\u00e9es, vous ne vous contentez pas de fermer les sacs, vous cr\u00e9ez une exp\u00e9rience d&rsquo;achat unique. Faites ressortir vos produits avec une touche personnalis\u00e9e qui laissera une impression durable sur vos clients !<\/p>\n","protected":false},"excerpt":{"rendered":"<p>Bande autocollante de fermeture de sac personnalis\u00e9e Donnez \u00e0 vos produits une touche unique gr\u00e2ce \u00e0 nos \u00e9tonnantes bandes adh\u00e9sives personnalis\u00e9es pour la fermeture des sacs ! Ces bandes permettent non seulement de conserver la fra\u00eecheur et la s\u00e9curit\u00e9 de vos produits, mais aussi d&rsquo;ajouter une touche personnalis\u00e9e qui met en valeur votre marque. Caract\u00e9ristiques [&hellip;]<\/p>\n","protected":false},"featured_media":14436,"template":"","meta":{"_acf_changed":false},"product_brand":[],"product_cat":[1574],"product_tag":[],"class_list":{"0":"post-14420","1":"product","2":"type-product","3":"status-publish","4":"has-post-thumbnail","6":"product_cat-stickers-personnalises","7":"pa_apto-microondas-non","8":"pa_biodegradable-compostable-non","9":"pa_color-grafica-personnalise","10":"pa_material-adhesif-pour-congelateur","11":"pa_material-adhesif-transparent","12":"pa_material-pp-fr","13":"pa_material-vinyle-adhesif","15":"first","16":"instock","17":"taxable","18":"shipping-taxable","19":"purchasable","20":"product-type-variable","21":"has-default-attributes"},"acf":[],"_links":{"self":[{"href":"https:\/\/graphired.com\/fr\/wp-json\/wp\/v2\/product\/14420","targetHints":{"allow":["GET"]}}],"collection":[{"href":"https:\/\/graphired.com\/fr\/wp-json\/wp\/v2\/product"}],"about":[{"href":"https:\/\/graphired.com\/fr\/wp-json\/wp\/v2\/types\/product"}],"version-history":[{"count":0,"href":"https:\/\/graphired.com\/fr\/wp-json\/wp\/v2\/product\/14420\/revisions"}],"wp:featuredmedia":[{"embeddable":true,"href":"https:\/\/graphired.com\/fr\/wp-json\/wp\/v2\/media\/14436"}],"wp:attachment":[{"href":"https:\/\/graphired.com\/fr\/wp-json\/wp\/v2\/media?parent=14420"}],"wp:term":[{"taxonomy":"product_brand","embeddable":true,"href":"https:\/\/graphired.com\/fr\/wp-json\/wp\/v2\/product_brand?post=14420"},{"taxonomy":"product_cat","embeddable":true,"href":"https:\/\/graphired.com\/fr\/wp-json\/wp\/v2\/product_cat?post=14420"},{"taxonomy":"product_tag","embeddable":true,"href":"https:\/\/graphired.com\/fr\/wp-json\/wp\/v2\/product_tag?post=14420"}],"curies":[{"name":"wp","href":"https:\/\/api.w.org\/{rel}","templated":true}]}}