{"id":14092,"date":"2023-07-03T08:05:20","date_gmt":"2023-07-03T08:05:20","guid":{"rendered":"https:\/\/graphired.com\/avis-juridique\/"},"modified":"2024-04-17T06:16:50","modified_gmt":"2024-04-17T06:16:50","slug":"avis-juridique","status":"publish","type":"page","link":"https:\/\/graphired.com\/fr\/avis-juridique\/","title":{"rendered":"Avis juridique"},"content":{"rendered":"\t\t<div data-elementor-type=\"wp-page\" data-elementor-id=\"14092\" class=\"elementor elementor-14092 elementor-3222\" data-elementor-post-type=\"page\">\n\t\t\t\t\t\t<section class=\"elementor-section elementor-top-section elementor-element elementor-element-3fcd973 elementor-section-height-min-height elementor-section-boxed elementor-section-height-default elementor-section-items-middle elementor-invisible\" data-id=\"3fcd973\" data-element_type=\"section\" data-e-type=\"section\" data-settings=\"{&quot;background_background&quot;:&quot;classic&quot;,&quot;animation&quot;:&quot;fadeIn&quot;,&quot;shape_divider_bottom&quot;:&quot;arrow&quot;}\">\n\t\t\t\t\t\t\t<div class=\"elementor-background-overlay\"><\/div>\n\t\t\t\t\t\t<div class=\"elementor-shape elementor-shape-bottom\" aria-hidden=\"true\" data-negative=\"false\">\n\t\t\t<svg xmlns=\"http:\/\/www.w3.org\/2000\/svg\" viewBox=\"0 0 700 10\" preserveAspectRatio=\"none\">\n\t<path class=\"elementor-shape-fill\" d=\"M350,10L340,0h20L350,10z\"\/>\n<\/svg>\t\t<\/div>\n\t\t\t\t\t<div class=\"elementor-container elementor-column-gap-default\">\n\t\t\t\t\t<div class=\"elementor-column elementor-col-100 elementor-top-column elementor-element elementor-element-6129fe2\" data-id=\"6129fe2\" data-element_type=\"column\" data-e-type=\"column\">\n\t\t\t<div class=\"elementor-widget-wrap elementor-element-populated\">\n\t\t\t\t\t\t<div class=\"elementor-element elementor-element-d3d4051 elementor-widget elementor-widget-heading\" data-id=\"d3d4051\" data-element_type=\"widget\" data-e-type=\"widget\" data-widget_type=\"heading.default\">\n\t\t\t\t<div class=\"elementor-widget-container\">\n\t\t\t\t\t<h2 class=\"elementor-heading-title elementor-size-default\">Conditions g\u00e9n\u00e9rales et mentions l\u00e9gales<\/h2>\t\t\t\t<\/div>\n\t\t\t\t<\/div>\n\t\t\t\t\t<\/div>\n\t\t<\/div>\n\t\t\t\t\t<\/div>\n\t\t<\/section>\n\t\t\t\t<section class=\"elementor-section elementor-top-section elementor-element elementor-element-0751d91 elementor-section-boxed elementor-section-height-default elementor-section-height-default\" data-id=\"0751d91\" data-element_type=\"section\" data-e-type=\"section\">\n\t\t\t\t\t\t<div class=\"elementor-container elementor-column-gap-default\">\n\t\t\t\t\t<div class=\"elementor-column elementor-col-100 elementor-top-column elementor-element elementor-element-11b6d10\" data-id=\"11b6d10\" data-element_type=\"column\" data-e-type=\"column\">\n\t\t\t<div class=\"elementor-widget-wrap elementor-element-populated\">\n\t\t\t\t\t\t<div class=\"elementor-element elementor-element-aeca332 elementor-widget elementor-widget-spacer\" data-id=\"aeca332\" data-element_type=\"widget\" data-e-type=\"widget\" data-widget_type=\"spacer.default\">\n\t\t\t\t<div class=\"elementor-widget-container\">\n\t\t\t\t\t\t\t<div class=\"elementor-spacer\">\n\t\t\t<div class=\"elementor-spacer-inner\"><\/div>\n\t\t<\/div>\n\t\t\t\t\t\t<\/div>\n\t\t\t\t<\/div>\n\t\t\t\t<div class=\"elementor-element elementor-element-125880a elementor-widget elementor-widget-text-editor\" data-id=\"125880a\" data-element_type=\"widget\" data-e-type=\"widget\" data-widget_type=\"text-editor.default\">\n\t\t\t\t<div class=\"elementor-widget-container\">\n\t\t\t\t\t\t\t\t\t<h2><strong>Conditions g\u00e9n\u00e9rales d&rsquo;utilisation<\/strong><\/h2>\n<p>Conform\u00e9ment aux dispositions de l&rsquo;article 10 de la loi 34\/2002 du 11 juillet relative aux services d&rsquo;information et au commerce \u00e9lectronique, l&rsquo;utilisateur est inform\u00e9 que  <strong>Graphired<\/strong> est le nom commercial de  <strong>GRAPHIRED S.L.U.<\/strong> avec num\u00e9ro d&rsquo;identification fiscale  <strong>B43231398 <\/strong>et dont le si\u00e8ge social est situ\u00e9 \u00e0  <strong>Calle Noves Tecnologies, 11 (<\/strong><strong>Pol. Ind. Borges I), 43350. Les Borges del Camp (Tarragona)<\/strong>.<\/p>\n<p>Nous vous informons que <strong>GRAPHIRED S.L.U.<\/strong> est le propri\u00e9taire de ce site web et agit en tant qu&rsquo;op\u00e9rateur et gestionnaire des contenus de ce site web. Pour toute information compl\u00e9mentaire, n&rsquo;h\u00e9sitez pas \u00e0 nous contacter \u00e0 l&rsquo;adresse <strong>web@graphired.com<\/strong>.<\/p>\n<p>Les pr\u00e9sentes conditions g\u00e9n\u00e9rales, ainsi que la <a href=\"https:\/\/graphired.com\/fr\/politique-de-confidentialite\/\">politique de confidentialit\u00e9<\/a> et la <a href=\"https:\/\/graphired.com\/fr\/politique-en-matiere-de-cookies-ue\/\">politique en mati\u00e8re de cookies<\/a>, r\u00e9gissent l&rsquo;acc\u00e8s et l&rsquo;utilisation du site web sur lequel il se trouve, ainsi que la conclusion de contrats portant sur les services et les produits qui y sont propos\u00e9s.<\/p>\n<p>L&rsquo;utilisation du site web attribue la condition d&rsquo;utilisateur et implique l&rsquo;acceptation de toutes les conditions l\u00e9gales de nos pages. De cette mani\u00e8re, une s\u00e9rie de droits et d&rsquo;obligations sont \u00e9tablis et doivent \u00eatre respect\u00e9s par l&rsquo;utilisateur du site web. Ces droits et obligations r\u00e9gissent l&rsquo;utilisation du site web. Si l&rsquo;utilisateur n&rsquo;est pas d&rsquo;accord avec les pr\u00e9sentes conditions g\u00e9n\u00e9rales, il doit quitter le site web imm\u00e9diatement.<\/p>\n<p>En acceptant les pr\u00e9sentes conditions g\u00e9n\u00e9rales, l&rsquo;utilisateur d\u00e9clare qu&rsquo;il a lu et compris ce qui pr\u00e9c\u00e8de, qu&rsquo;il a la capacit\u00e9 suffisante pour contracter les produits et services offerts et qu&rsquo;il assume toutes les obligations qui y sont \u00e9nonc\u00e9es.<\/p>\n<p>L&rsquo;utilisateur doit lire attentivement le contenu des pr\u00e9sentes conditions g\u00e9n\u00e9rales lorsqu&rsquo;il acc\u00e8de au portail, car celles-ci peuvent faire l&rsquo;objet de modifications. Le propri\u00e9taire du site se r\u00e9serve le droit d&rsquo;apporter des modifications tant aux informations qu&rsquo;il contient qu&rsquo;aux services et produits offerts, toujours dans le but d&rsquo;am\u00e9liorer le contenu ou de compl\u00e9ter les informations existantes.<\/p>\n<p>Toute modification apport\u00e9e au site web n&rsquo;affectera pas les produits ou services qui ont \u00e9t\u00e9 achet\u00e9s pr\u00e9c\u00e9demment.<\/p>\n<h4><strong> <\/strong><\/h4>\n<h2><strong>Conditions d&rsquo;utilisation<\/strong><\/h2>\n<ol>\n<li>L&rsquo;acc\u00e8s aux informations contenues sur le site est gratuit.<\/li>\n<li>Il peut \u00eatre demand\u00e9 \u00e0 l&rsquo;utilisateur de s&rsquo;enregistrer pour pouvoir acheter des produits ou des services. Les donn\u00e9es fournies par l&rsquo;utilisateur doivent \u00eatre exactes et v\u00e9ridiques. De m\u00eame, l&rsquo;utilisateur enregistr\u00e9 est responsable de la conservation de son mot de passe et assume les dommages pouvant r\u00e9sulter de son utilisation inappropri\u00e9e, ainsi que du transfert, de la divulgation ou de la perte de celui-ci. Tous les services ou produits achet\u00e9s sous le mot de passe d&rsquo;un utilisateur enregistr\u00e9 sont r\u00e9put\u00e9s avoir \u00e9t\u00e9 achet\u00e9s par cet utilisateur.<\/li>\n<li>R\u00e8gles d&rsquo;utilisation du portail :\n<ul>\n<li>L&rsquo;utilisateur s&rsquo;engage \u00e0 utiliser le site web conform\u00e9ment aux pr\u00e9sentes conditions g\u00e9n\u00e9rales et aux dispositions de la loi en vigueur et des r\u00e8gles de l&rsquo;ordre juridique.<\/li>\n<li>De m\u00eame, l&rsquo;utilisateur s&rsquo;engage \u00e0 ne pas utiliser les contenus du site pour r\u00e9aliser des activit\u00e9s qui constituent un d\u00e9lit, portent atteinte aux droits de tiers ou sont de nature illicite.<\/li>\n<li>L&rsquo;utilisateur s&rsquo;engage \u00e0 ne pas diffuser de donn\u00e9es et de contenus \u00e0 caract\u00e8re raciste, x\u00e9nophobe, pornographique, portant atteinte aux droits de l&rsquo;homme ou faisant l&rsquo;apologie du terrorisme.<\/li>\n<li>L&rsquo;utilisateur s&rsquo;engage \u00e0 ne pas introduire ou diffuser de virus et de logiciels nuisibles susceptibles de causer des dommages aux syst\u00e8mes informatiques des prestataires de services et des tiers.<\/li>\n<li>Il s&rsquo;engage \u00e0 ne pas diffuser ou transmettre \u00e0 des tiers toute information ou contenu constituant une publicit\u00e9 illicite ou d\u00e9loyale.<\/li>\n<li>Vous vous engagez \u00e0 ne pas envoyer de publicit\u00e9 non autoris\u00e9e, connue sous le nom de \u00ab\u00a0courrier ind\u00e9sirable\u00a0\u00bb ou \u00ab\u00a0spam\u00a0\u00bb, sauf dans les zones con\u00e7ues \u00e0 cet effet.<\/li>\n<li>Il s&rsquo;engage \u00e0 ne pas diffuser ou introduire des informations ou contenus faux, inexacts ou trompeurs aupr\u00e8s des destinataires de l&rsquo;information.<\/li>\n<li>En particulier, vous vous engagez \u00e0 ne pas usurper l&rsquo;identit\u00e9 d&rsquo;autres utilisateurs en utilisant leurs cl\u00e9s d&rsquo;enregistrement (nom d&rsquo;utilisateur et mot de passe).<\/li>\n<li>Vous vous engagez \u00e0 respecter les droits de propri\u00e9t\u00e9 intellectuelle et industrielle, les brevets et les marques appartenant au site ou \u00e0 des tiers.<\/li>\n<li>Il s&rsquo;engage \u00e0 ne pas diffuser ou transmettre \u00e0 des tiers des informations ou contenus qui violeraient le secret des communications et la l\u00e9gislation en vigueur sur les donn\u00e9es personnelles.<\/li>\n<\/ul>\n<\/li>\n<li>En cas de non-respect de l&rsquo;un des points ci-dessus, le propri\u00e9taire du site se r\u00e9serve le droit d&rsquo;engager toute action en justice qu&rsquo;il jugera appropri\u00e9e.<\/li>\n<li>Toutes les informations et le flux d&rsquo;informations entre l&rsquo;utilisateur et le propri\u00e9taire du site web sont confidentiels et ne sont pas transmis \u00e0 des tiers, afin d&rsquo;\u00e9viter tout acc\u00e8s non autoris\u00e9 aux informations priv\u00e9es de l&rsquo;utilisateur.<\/li>\n<\/ol>\n<h4><strong> <\/strong><\/h4>\n<h2><strong>Propri\u00e9t\u00e9 intellectuelle et industrielle<\/strong><\/h2>\n<p>La structure, la conception et la pr\u00e9sentation des \u00e9l\u00e9ments (graphiques, images, fichiers, logos, combinaisons de couleurs et tout autre \u00e9l\u00e9ment susceptible d&rsquo;\u00eatre prot\u00e9g\u00e9) sont prot\u00e9g\u00e9es par des droits de propri\u00e9t\u00e9 intellectuelle, d\u00e9tenus par l&rsquo;entreprise propri\u00e9taire du site web.<\/p>\n<p>La reproduction, la transformation, la distribution, la communication publique, la mise \u00e0 disposition du public et, en g\u00e9n\u00e9ral, toute autre forme d&rsquo;exploitation, partielle ou totale, des \u00e9l\u00e9ments vis\u00e9s au point pr\u00e9c\u00e9dent sont totalement interdites. Ces actes d&rsquo;exploitation ne peuvent \u00eatre r\u00e9alis\u00e9s qu&rsquo;avec l&rsquo;autorisation expresse du propri\u00e9taire du site web et une r\u00e9f\u00e9rence explicite doit toujours \u00eatre faite \u00e0 la propri\u00e9t\u00e9 des droits de propri\u00e9t\u00e9 intellectuelle susmentionn\u00e9s d\u00e9tenus par le propri\u00e9taire du site web.<\/p>\n<h4><strong> <\/strong><\/h4>\n<h2><strong>Exemption de responsabilit\u00e9<\/strong><\/h2>\n<p>Les propri\u00e9taires du portail d\u00e9clinent toute responsabilit\u00e9 en cas d&rsquo;interruption ou de dysfonctionnement des services ou des contenus offerts par les op\u00e9rateurs Internet. De m\u00eame, le propri\u00e9taire du site d\u00e9cline toute responsabilit\u00e9 en cas de panne de r\u00e9seau ou d&rsquo;\u00e9lectricit\u00e9 et des cons\u00e9quences qui en d\u00e9coulent.<\/p>\n<p>De m\u00eame, le propri\u00e9taire du site d\u00e9cline toute responsabilit\u00e9 en cas de dommages caus\u00e9s aux logiciels ou aux \u00e9quipements informatiques des utilisateurs ou de tiers lors de l&rsquo;utilisation du site.<\/p>\n<h2> <\/h2>\n<h2><strong>Informations sur les liens externes<\/strong><\/h2>\n<p>Ce portail web n&rsquo;est pas responsable des sites web de tiers auxquels l&rsquo;utilisateur peut avoir acc\u00e8s par le biais de liens externes, \u00e9galement appel\u00e9s links, ou de tout autre type de contenu mis \u00e0 disposition sur le site web par des tiers.<\/p>\n<p>L&rsquo;acc\u00e8s \u00e0 un site web n&rsquo;appartenant pas \u00e0 l&rsquo;utilisateur se fait \u00e0 son propre gr\u00e9 et \u00e0 ses propres frais. Nous ne pouvons ni garantir, ni \u00eatre tenus responsables des informations obtenues par le biais de ces liens externes et nous ne pouvons pas non plus \u00eatre tenus responsables des informations obtenues sur ces sites web externes qui n&rsquo;ont rien \u00e0 voir avec notre site web.<\/p>\n<h4><strong> <\/strong><\/h4>\n<h2><strong>Enregistrement de l&rsquo;utilisateur<\/strong><\/h2>\n<p>L&rsquo;utilisation des services offerts par le propri\u00e9taire du site web implique la n\u00e9cessit\u00e9 pour l&rsquo;utilisateur du site web de s&rsquo;enregistrer. L&rsquo;utilisateur doit remplir le formulaire cr\u00e9\u00e9 \u00e0 cet effet. L&rsquo;utilisateur sera invit\u00e9 \u00e0 accepter les pr\u00e9sentes conditions g\u00e9n\u00e9rales ainsi que la politique de confidentialit\u00e9 et la politique en mati\u00e8re de cookies.<\/p>\n<p>Une fois enregistr\u00e9s, les utilisateurs auront acc\u00e8s \u00e0 leur espace priv\u00e9 o\u00f9 ils pourront \u00e0 tout moment v\u00e9rifier, corriger ou supprimer leurs donn\u00e9es. Vous pourrez \u00e9galement consulter les informations relatives \u00e0 vos commandes et livraisons.<\/p>\n<h2><strong>Terminal de paiement<\/strong><\/h2>\n<p>Nous utilisons le terminal web Redsys fourni par notre banque pour effectuer les paiements des commandes dans notre boutique en ligne.<\/p>\n<p><em>Conform\u00e9ment \u00e0 EMVCo, MasterCard, VISA et \u00e0 la directive europ\u00e9enne PSDII, lors de la transaction de paiement \u00e9lectronique, il communiquera \u00e0 la banque \u00e9mettrice de la carte les informations relatives \u00e0 la connexion utilis\u00e9e dans la session afin de valider la transaction de paiement effectu\u00e9e par l&rsquo;utilisateur.<\/em><\/p>\n<p><strong> <\/strong><\/p>\n<h1><strong>Politique d&rsquo;exp\u00e9dition et de retour<\/strong><\/h1>\n<p>Vous pouvez consulter notre politique d&rsquo;exp\u00e9dition et de retour en cliquant sur le lien suivant :<\/p>\n<p><a href=\"https:\/\/graphired.com\/fr\/politique-dexpedition-et-de-retour\/\">Politique d&rsquo;exp\u00e9dition et de retour<\/a><\/p>\n<h1><strong>Politique de confidentialit\u00e9<\/strong><strong> <\/strong><\/h1>\n<p style=\"font-size: 16px;\">Vous pouvez consulter notre politique de confidentialit\u00e9 en cliquant sur le lien suivant :<\/p>\n<p style=\"font-size: 16px;\"><a href=\"https:\/\/graphired.com\/fr\/politique-de-confidentialite\/\">Politique de confidentialit\u00e9<\/a> <\/p>\n<h1><strong>Politique en mati\u00e8re de cookies<\/strong><strong> <\/strong><\/h1>\n<p style=\"font-size: 16px;\">Vous pouvez consulter notre politique en mati\u00e8re de cookies en cliquant sur le lien suivant :<\/p>\n<p style=\"font-size: 16px;\"><a href=\"https:\/\/graphired.com\/fr\/politique-en-matiere-de-cookies-ue\/\">Politique en mati\u00e8re de cookies<\/a> <\/p>\n\t\t\t\t\t\t\t\t<\/div>\n\t\t\t\t<\/div>\n\t\t\t\t\t<\/div>\n\t\t<\/div>\n\t\t\t\t\t<\/div>\n\t\t<\/section>\n\t\t\t\t<\/div>\n\t\t","protected":false},"excerpt":{"rendered":"<p>Conditions g\u00e9n\u00e9rales et mentions l\u00e9gales Conditions g\u00e9n\u00e9rales d&rsquo;utilisation Conform\u00e9ment aux dispositions de l&rsquo;article 10 de la loi 34\/2002 du 11 juillet relative aux services d&rsquo;information et au commerce \u00e9lectronique, l&rsquo;utilisateur est inform\u00e9 que Graphired est le nom commercial de GRAPHIRED S.L.U. avec num\u00e9ro d&rsquo;identification fiscale B43231398 et dont le si\u00e8ge social est situ\u00e9 \u00e0 Calle [&hellip;]<\/p>\n","protected":false},"author":1,"featured_media":0,"parent":0,"menu_order":0,"comment_status":"closed","ping_status":"closed","template":"","meta":{"_acf_changed":false,"footnotes":""},"class_list":["post-14092","page","type-page","status-publish","hentry"],"acf":[],"_links":{"self":[{"href":"https:\/\/graphired.com\/fr\/wp-json\/wp\/v2\/pages\/14092","targetHints":{"allow":["GET"]}}],"collection":[{"href":"https:\/\/graphired.com\/fr\/wp-json\/wp\/v2\/pages"}],"about":[{"href":"https:\/\/graphired.com\/fr\/wp-json\/wp\/v2\/types\/page"}],"author":[{"embeddable":true,"href":"https:\/\/graphired.com\/fr\/wp-json\/wp\/v2\/users\/1"}],"replies":[{"embeddable":true,"href":"https:\/\/graphired.com\/fr\/wp-json\/wp\/v2\/comments?post=14092"}],"version-history":[{"count":0,"href":"https:\/\/graphired.com\/fr\/wp-json\/wp\/v2\/pages\/14092\/revisions"}],"wp:attachment":[{"href":"https:\/\/graphired.com\/fr\/wp-json\/wp\/v2\/media?parent=14092"}],"curies":[{"name":"wp","href":"https:\/\/api.w.org\/{rel}","templated":true}]}}