{"id":13898,"date":"2022-12-16T12:17:45","date_gmt":"2022-12-16T12:17:45","guid":{"rendered":"https:\/\/graphired.com\/politique-de-confidentialite\/"},"modified":"2024-04-17T06:09:37","modified_gmt":"2024-04-17T06:09:37","slug":"politique-de-confidentialite","status":"publish","type":"page","link":"https:\/\/graphired.com\/fr\/politique-de-confidentialite\/","title":{"rendered":"Politique de confidentialit\u00e9"},"content":{"rendered":"\t\t<div data-elementor-type=\"wp-page\" data-elementor-id=\"13898\" class=\"elementor elementor-13898 elementor-3\" data-elementor-post-type=\"page\">\n\t\t\t\t\t\t<section class=\"elementor-section elementor-top-section elementor-element elementor-element-f138b12 elementor-section-height-min-height elementor-section-boxed elementor-section-height-default elementor-section-items-middle elementor-invisible\" data-id=\"f138b12\" data-element_type=\"section\" data-e-type=\"section\" data-settings=\"{&quot;background_background&quot;:&quot;classic&quot;,&quot;animation&quot;:&quot;fadeIn&quot;,&quot;shape_divider_bottom&quot;:&quot;arrow&quot;}\">\n\t\t\t\t\t\t\t<div class=\"elementor-background-overlay\"><\/div>\n\t\t\t\t\t\t<div class=\"elementor-shape elementor-shape-bottom\" aria-hidden=\"true\" data-negative=\"false\">\n\t\t\t<svg xmlns=\"http:\/\/www.w3.org\/2000\/svg\" viewBox=\"0 0 700 10\" preserveAspectRatio=\"none\">\n\t<path class=\"elementor-shape-fill\" d=\"M350,10L340,0h20L350,10z\"\/>\n<\/svg>\t\t<\/div>\n\t\t\t\t\t<div class=\"elementor-container elementor-column-gap-default\">\n\t\t\t\t\t<div class=\"elementor-column elementor-col-100 elementor-top-column elementor-element elementor-element-37ba6a3\" data-id=\"37ba6a3\" data-element_type=\"column\" data-e-type=\"column\">\n\t\t\t<div class=\"elementor-widget-wrap elementor-element-populated\">\n\t\t\t\t\t\t<div class=\"elementor-element elementor-element-cbee701 elementor-widget elementor-widget-heading\" data-id=\"cbee701\" data-element_type=\"widget\" data-e-type=\"widget\" data-widget_type=\"heading.default\">\n\t\t\t\t<div class=\"elementor-widget-container\">\n\t\t\t\t\t<h2 class=\"elementor-heading-title elementor-size-default\">Politique de confidentialit\u00e9<\/h2>\t\t\t\t<\/div>\n\t\t\t\t<\/div>\n\t\t\t\t\t<\/div>\n\t\t<\/div>\n\t\t\t\t\t<\/div>\n\t\t<\/section>\n\t\t\t\t<section class=\"elementor-section elementor-top-section elementor-element elementor-element-2271f67 elementor-section-boxed elementor-section-height-default elementor-section-height-default\" data-id=\"2271f67\" data-element_type=\"section\" data-e-type=\"section\">\n\t\t\t\t\t\t<div class=\"elementor-container elementor-column-gap-default\">\n\t\t\t\t\t<div class=\"elementor-column elementor-col-100 elementor-top-column elementor-element elementor-element-de992dd\" data-id=\"de992dd\" data-element_type=\"column\" data-e-type=\"column\">\n\t\t\t<div class=\"elementor-widget-wrap elementor-element-populated\">\n\t\t\t\t\t\t<div class=\"elementor-element elementor-element-af46d04 elementor-widget__width-inherit elementor-widget elementor-widget-text-editor\" data-id=\"af46d04\" data-element_type=\"widget\" data-e-type=\"widget\" data-widget_type=\"text-editor.default\">\n\t\t\t\t<div class=\"elementor-widget-container\">\n\t\t\t\t\t\t\t\t\t<h2>Qui sommes-nous ?<\/h2>\n<p>Chez Graphired S.L.U., nous accordons une grande importance \u00e0 votre vie priv\u00e9e et nous nous engageons \u00e0 garantir la confidentialit\u00e9 et la s\u00e9curit\u00e9 des donn\u00e9es personnelles de tous les utilisateurs de notre site web.<\/p>\n<p>Nous respectons strictement les dispositions l\u00e9gales en mati\u00e8re de protection des donn\u00e9es, en particulier le R\u00e8glement g\u00e9n\u00e9ral sur la protection des donn\u00e9es (RGPD) de l&rsquo;Union europ\u00e9enne 2016\/679 du 27 avril 2016 et la loi organique 3\/2018 relative \u00e0 la protection des donn\u00e9es \u00e0 caract\u00e8re personnel et \u00e0 la garantie des droits num\u00e9riques.<\/p>\n<p>Vous trouverez ci-dessous des informations d\u00e9taill\u00e9es sur la mani\u00e8re dont nous traitons vos donn\u00e9es personnelles.<\/p>\n<h2>Finalit\u00e9 du traitement<\/h2>\n<p>Lorsque nous collectons des donn\u00e9es \u00e0 caract\u00e8re personnel, nous le faisons principalement dans le but de fournir les services que vous demandez et qui sont li\u00e9s aux activit\u00e9s exerc\u00e9es par Graphired. En outre, nous utilisons vos informations pour vous envoyer des communications p\u00e9riodiques, des bulletins d&rsquo;information et des informations pertinentes susceptibles de vous int\u00e9resser.<\/p>\n<p>Sur chacun de nos formulaires de collecte de donn\u00e9es, nous vous informons clairement de la finalit\u00e9 du traitement et vous demandons votre consentement expr\u00e8s et \u00e9clair\u00e9 avant de traiter vos donn\u00e9es.<\/p>\n<p>Nous vous recommandons de lire attentivement les conditions indiqu\u00e9es dans ces formulaires avant de nous fournir vos coordonn\u00e9es en tant qu&rsquo;utilisateur enregistr\u00e9 de notre site web.<\/p>\n<h2>L\u00e9gitimation du traitement<\/h2>\n<p>Graphired S.L.U. a le droit de traiter les donn\u00e9es de nos utilisateurs et des personnes int\u00e9ress\u00e9es en raison de la relation contractuelle qui r\u00e9git la prestation de nos services et du consentement expr\u00e8s que vous donnez en fournissant vos donn\u00e9es aux fins susmentionn\u00e9es. Si vous choisissez de ne pas fournir vos donn\u00e9es ou si vous en refusez le traitement, nous ne serons malheureusement pas en mesure de r\u00e9pondre \u00e0 votre demande ou de vous fournir le service dont vous avez besoin.<\/p>\n<h2><span style=\"color: inherit; font-family: inherit; font-size: 2rem;\">Quelles sont les donn\u00e9es personnelles que nous recueillons et pourquoi nous les recueillons ?<\/span><\/h2>\n<p>Pendant que vous visitez notre site, nous enregistrons les donn\u00e9es suivantes :<\/p>\n<ul>\n<li>Produits que vous avez consult\u00e9s : nous les utilisons, par exemple, pour vous montrer les produits que vous avez r\u00e9cemment consult\u00e9s.<\/li>\n<li>Localisation, adresse IP et type de navigateur : nous utiliserons ces informations \u00e0 des fins telles que l&rsquo;estimation des taxes et des frais d&rsquo;exp\u00e9dition.<\/li>\n<li>Adresse de livraison : nous vous demanderons de fournir cette adresse afin que nous puissions, par exemple, estimer les frais d&rsquo;exp\u00e9dition avant que vous ne passiez commande, et vous envoyer la commande !<\/li>\n<\/ul>\n<p>Nous utilisons \u00e9galement des cookies pour suivre le contenu de votre panier d&rsquo;achat lorsque vous naviguez sur notre site.<\/p>\n<p>Consultez notre politique en mati\u00e8re de cookies en cliquant ici.<\/p>\n<p>Pendant que vous visitez notre site, nous suivons :<\/p>\n<ul>\n<li>Les produits que vous avez ajout\u00e9s \u00e0 votre liste de souhaits : nous utiliserons ces informations pour vous montrer, ainsi qu&rsquo;\u00e0 d&rsquo;autres utilisateurs, vos produits pr\u00e9f\u00e9r\u00e9s et pour cr\u00e9er des campagnes d&rsquo;e-mailing cibl\u00e9es.<\/li>\n<li>Listes de souhaits que vous avez cr\u00e9\u00e9es : nous collecterons les listes de souhaits que vous avez cr\u00e9\u00e9es et les rendrons visibles pour le personnel du magasin.<\/li>\n<\/ul>\n<p>Nous utiliserons \u00e9galement des cookies pour suivre le contenu de votre liste de souhaits lorsque vous naviguez sur notre site.<\/p>\n<p><\/p>\n<p>Lorsque vous achetez quelque chose chez nous, nous vous demandons de fournir des informations telles que votre nom, votre adresse de facturation, votre adresse de livraison, votre adresse \u00e9lectronique, votre num\u00e9ro de t\u00e9l\u00e9phone, les d\u00e9tails de votre carte de cr\u00e9dit ou de paiement et des informations suppl\u00e9mentaires facultatives telles que votre nom d&rsquo;utilisateur et votre mot de passe.<\/p>\n<p>Nous utiliserons ces informations \u00e0 des fins telles que :<\/p>\n<ul>\n<li>vous envoyer des informations sur votre compte et votre commande<\/li>\n<li>R\u00e9pondre \u00e0 vos demandes, y compris les remboursements et les r\u00e9clamations<\/li>\n<li>Traitement des paiements et pr\u00e9vention de la fraude<\/li>\n<li>Cr\u00e9ez votre compte pour notre boutique<\/li>\n<li>Respecter les obligations l\u00e9gales qui nous incombent, telles que le calcul des imp\u00f4ts.<\/li>\n<li>Am\u00e9liorer les offres dans notre boutique<\/li>\n<li>vous envoyer des messages promotionnels, si vous choisissez de les recevoir<\/li>\n<\/ul>\n<p>Si vous cr\u00e9ez un compte, nous enregistrerons votre nom, votre adresse, votre adresse \u00e9lectronique et votre num\u00e9ro de t\u00e9l\u00e9phone, que nous utiliserons pour le paiement et les commandes futures.<\/p>\n<p>Lorsque vous nous contactez par chat, nous vous demandons votre nom et votre adresse \u00e9lectronique pour entamer la conversation.<\/p>\n<p>Pour l&rsquo;envoi de courriels, nous recueillons votre adresse \u00e9lectronique et votre nom.<\/p>\n<p>Nous conservons g\u00e9n\u00e9ralement les informations vous concernant aussi longtemps que nous en avons besoin aux fins pour lesquelles nous les collectons et les utilisons, et nous ne sommes pas l\u00e9galement oblig\u00e9s de les conserver plus longtemps.<\/p>\n<p>Nous conservons \u00e9galement les commentaires ou les \u00e9valuations, si vous choisissez de les laisser.<\/p>\n<p>Votre consentement peut \u00eatre r\u00e9voqu\u00e9 \u00e0 tout moment.<\/p>\n<p><\/p>\n<h2>Pourquoi utilisons-nous vos donn\u00e9es personnelles ?<\/h2>\n<p>Nous expliquons ci-dessous la base juridique qui nous permet de traiter vos donn\u00e9es personnelles.<\/p>\n<p>1.- Dans le cadre d&rsquo;une relation contractuelle<\/p>\n<p>2.- Lorsque vous nous donnez votre consentement.<\/p>\n<p>3.- Pour l&rsquo;int\u00e9r\u00eat l\u00e9gitime de Graphired S.L.U. \u00e0 vous pr\u00e9senter des services, des produits et des initiatives susceptibles de vous int\u00e9resser.<\/p>\n<p>4.- Ex\u00e9cution des obligations impos\u00e9es par la loi.<\/p>\n<p>Nous vous rappelons que vous pouvez r\u00e9voquer votre consentement \u00e0 tout moment \u00e0 l&rsquo;adresse suivante : web@graphired.com<\/p>\n<h2>Donn\u00e9es non pertinentes<\/h2>\n<p>Graphired S.L.U. avertit l&rsquo;utilisateur que, sauf repr\u00e9sentation l\u00e9galement constitu\u00e9e, il ne peut pas utiliser l&rsquo;identit\u00e9 d&rsquo;une autre personne ni communiquer ses donn\u00e9es personnelles. Par cons\u00e9quent, l&rsquo;utilisateur doit toujours garder \u00e0 l&rsquo;esprit qu&rsquo;il ne peut fournir que des donn\u00e9es personnelles correspondant \u00e0 sa propre identit\u00e9 et que ces donn\u00e9es doivent \u00eatre ad\u00e9quates, pertinentes, actuelles, exactes et v\u00e9ridiques.<\/p>\n<h2>Combien de temps conserverons-nous vos donn\u00e9es ?<\/h2><p>Nous conserverons vos donn\u00e9es personnelles pendant toute la dur\u00e9e de la relation de prestation de services et aussi longtemps qu&rsquo;il y aura un int\u00e9r\u00eat \u00e0 continuer \u00e0 recevoir des communications et des informations pertinentes de notre part, conform\u00e9ment \u00e0 la l\u00e9gislation en vigueur. Il est de votre responsabilit\u00e9 de maintenir vos coordonn\u00e9es \u00e0 jour et de nous informer de tout changement. Les donn\u00e9es seront supprim\u00e9es en toute s\u00e9curit\u00e9 lorsqu&rsquo;elles ne seront plus n\u00e9cessaires aux fins du traitement.<br><\/p>\n<h2>Avec qui partageons-nous vos donn\u00e9es ?<\/h2>\n<p>Graphired S.L.U. ne transf\u00e9rera vos donn\u00e9es que dans le cadre des services indiqu\u00e9s et dans les cas pr\u00e9vus par la loi.<\/p>\n<p>Dans le cas de l&rsquo;utilisation de notre chat, les conversations seront h\u00e9berg\u00e9es sur les serveurs de notre fournisseur, qui prend les mesures n\u00e9cessaires pour emp\u00eacher la perte, l&rsquo;alt\u00e9ration ou l&rsquo;acc\u00e8s non autoris\u00e9 aux donn\u00e9es. Vous pouvez consulter leur politique de confidentialit\u00e9 \u00e0 l&rsquo;adresse suivante : <a href=\"https:\/\/www.3cx.com\/company\/privacy\/\" target=\"_blank\" rel=\"noopener\">lien vers la politique de confidentialit\u00e9 de notre fournisseur<\/a>.<\/p>\n<p>En ce qui concerne les r\u00e9seaux sociaux, toutes les informations et tous les contenus publi\u00e9s par l&rsquo;utilisateur seront partag\u00e9s avec d&rsquo;autres utilisateurs du r\u00e9seau social, conform\u00e9ment \u00e0 la nature du service.<\/p>\n<p>Pour les services de messagerie et de newsletter, nous utilisons Mailchimp de The Rocket Science Group LLC d\/b\/a MailChimp, une soci\u00e9t\u00e9 bas\u00e9e aux \u00c9tats-Unis. Mailchimp adh\u00e8re au Privacy Shield<a href=\"https:\/\/www.privacyshield.gov\/participant?id=a2zt0000000TO6hAAG\" target=\"_blank\" rel=\"noopener\">(lien vers le Privacy Shield<\/a>), respectant ainsi les mesures de s\u00e9curit\u00e9 exig\u00e9es par la l\u00e9gislation europ\u00e9enne. Par cons\u00e9quent, l&rsquo;utilisateur accepte que ses donn\u00e9es personnelles soient stock\u00e9es par Mailchimp dans le but de s&rsquo;abonner et d&rsquo;envoyer des lettres d&rsquo;information.<\/p>\n<h2>Mesures de s\u00e9curit\u00e9<\/h2>\n<p>Graphired S.L.U. garantit l&rsquo;enti\u00e8re confidentialit\u00e9 des donn\u00e9es personnelles collect\u00e9es, pour lesquelles des mesures de s\u00e9curit\u00e9 essentielles ont \u00e9t\u00e9 mises en \u0153uvre afin d&rsquo;\u00e9viter toute alt\u00e9ration, perte, traitement ou acc\u00e8s non autoris\u00e9, assurant ainsi l&rsquo;int\u00e9grit\u00e9 et la s\u00e9curit\u00e9 de ces donn\u00e9es.<\/p>\n<p>L&rsquo;utilisateur s&rsquo;engage \u00e0 utiliser son nom d&rsquo;utilisateur et son mot de passe avec diligence, sans les mettre \u00e0 la disposition de tiers. En outre, vous vous engagez \u00e0 informer l&rsquo;entreprise en cas de vol, de perte ou de risque d&rsquo;acc\u00e8s par des tiers \u00e0 votre compte d&rsquo;utilisateur.<\/p>\t\t\t\t\t\t\t\t<\/div>\n\t\t\t\t<\/div>\n\t\t\t\t\t<\/div>\n\t\t<\/div>\n\t\t\t\t\t<\/div>\n\t\t<\/section>\n\t\t\t\t<\/div>\n\t\t","protected":false},"excerpt":{"rendered":"<p>Politique de confidentialit\u00e9 Qui sommes-nous ? Chez Graphired S.L.U., nous accordons une grande importance \u00e0 votre vie priv\u00e9e et nous nous engageons \u00e0 garantir la confidentialit\u00e9 et la s\u00e9curit\u00e9 des donn\u00e9es personnelles de tous les utilisateurs de notre site web. Nous respectons strictement les dispositions l\u00e9gales en mati\u00e8re de protection des donn\u00e9es, en particulier le [&hellip;]<\/p>\n","protected":false},"author":1,"featured_media":0,"parent":0,"menu_order":0,"comment_status":"closed","ping_status":"open","template":"","meta":{"_acf_changed":false,"footnotes":""},"class_list":["post-13898","page","type-page","status-publish","hentry"],"acf":[],"_links":{"self":[{"href":"https:\/\/graphired.com\/fr\/wp-json\/wp\/v2\/pages\/13898","targetHints":{"allow":["GET"]}}],"collection":[{"href":"https:\/\/graphired.com\/fr\/wp-json\/wp\/v2\/pages"}],"about":[{"href":"https:\/\/graphired.com\/fr\/wp-json\/wp\/v2\/types\/page"}],"author":[{"embeddable":true,"href":"https:\/\/graphired.com\/fr\/wp-json\/wp\/v2\/users\/1"}],"replies":[{"embeddable":true,"href":"https:\/\/graphired.com\/fr\/wp-json\/wp\/v2\/comments?post=13898"}],"version-history":[{"count":0,"href":"https:\/\/graphired.com\/fr\/wp-json\/wp\/v2\/pages\/13898\/revisions"}],"wp:attachment":[{"href":"https:\/\/graphired.com\/fr\/wp-json\/wp\/v2\/media?parent=13898"}],"curies":[{"name":"wp","href":"https:\/\/api.w.org\/{rel}","templated":true}]}}