{"id":13897,"date":"2023-03-28T11:00:47","date_gmt":"2023-03-28T11:00:47","guid":{"rendered":"https:\/\/graphired.com\/actualites\/"},"modified":"2024-04-17T06:09:37","modified_gmt":"2024-04-17T06:09:37","slug":"actualites","status":"publish","type":"page","link":"https:\/\/graphired.com\/fr\/actualites\/","title":{"rendered":"Actualit\u00e9s"},"content":{"rendered":"\t\t<div data-elementor-type=\"wp-page\" data-elementor-id=\"13897\" class=\"elementor elementor-13897 elementor-48\" data-elementor-post-type=\"page\">\n\t\t\t\t\t\t<section class=\"elementor-section elementor-top-section elementor-element elementor-element-0fcc2bb elementor-section-height-min-height elementor-section-boxed elementor-section-height-default elementor-section-items-middle elementor-invisible\" data-id=\"0fcc2bb\" data-element_type=\"section\" data-e-type=\"section\" data-settings=\"{&quot;background_background&quot;:&quot;classic&quot;,&quot;animation&quot;:&quot;fadeIn&quot;}\">\n\t\t\t\t\t\t\t<div class=\"elementor-background-overlay\"><\/div>\n\t\t\t\t\t\t\t<div class=\"elementor-container elementor-column-gap-default\">\n\t\t\t\t\t<div class=\"elementor-column elementor-col-100 elementor-top-column elementor-element elementor-element-2df4f4e\" data-id=\"2df4f4e\" data-element_type=\"column\" data-e-type=\"column\">\n\t\t\t<div class=\"elementor-widget-wrap elementor-element-populated\">\n\t\t\t\t\t\t<div class=\"elementor-element elementor-element-8b11076 elementor-widget elementor-widget-heading\" data-id=\"8b11076\" data-element_type=\"widget\" data-e-type=\"widget\" data-widget_type=\"heading.default\">\n\t\t\t\t<div class=\"elementor-widget-container\">\n\t\t\t\t\t<h2 class=\"elementor-heading-title elementor-size-default\">Actualit\u00e9s<\/h2>\t\t\t\t<\/div>\n\t\t\t\t<\/div>\n\t\t\t\t\t<\/div>\n\t\t<\/div>\n\t\t\t\t\t<\/div>\n\t\t<\/section>\n\t\t\t\t<section class=\"elementor-section elementor-top-section elementor-element elementor-element-836017a elementor-section-boxed elementor-section-height-default elementor-section-height-default\" data-id=\"836017a\" data-element_type=\"section\" data-e-type=\"section\">\n\t\t\t\t\t\t<div class=\"elementor-container elementor-column-gap-default\">\n\t\t\t\t\t<div class=\"elementor-column elementor-col-100 elementor-top-column elementor-element elementor-element-1410ded\" data-id=\"1410ded\" data-element_type=\"column\" data-e-type=\"column\">\n\t\t\t<div class=\"elementor-widget-wrap elementor-element-populated\">\n\t\t\t\t\t\t<div class=\"elementor-element elementor-element-587f8af elementor-posts--align-left elementor-grid-3 elementor-grid-tablet-2 elementor-grid-mobile-1 elementor-posts--thumbnail-top elementor-widget elementor-widget-posts\" data-id=\"587f8af\" data-element_type=\"widget\" data-e-type=\"widget\" data-settings=\"{&quot;classic_row_gap&quot;:{&quot;unit&quot;:&quot;px&quot;,&quot;size&quot;:&quot;53&quot;,&quot;sizes&quot;:[]},&quot;classic_columns&quot;:&quot;3&quot;,&quot;classic_columns_tablet&quot;:&quot;2&quot;,&quot;classic_columns_mobile&quot;:&quot;1&quot;,&quot;classic_row_gap_tablet&quot;:{&quot;unit&quot;:&quot;px&quot;,&quot;size&quot;:&quot;&quot;,&quot;sizes&quot;:[]},&quot;classic_row_gap_mobile&quot;:{&quot;unit&quot;:&quot;px&quot;,&quot;size&quot;:&quot;&quot;,&quot;sizes&quot;:[]}}\" data-widget_type=\"posts.classic\">\n\t\t\t\t<div class=\"elementor-widget-container\">\n\t\t\t\t\t\t\t<div class=\"elementor-posts-container elementor-posts elementor-posts--skin-classic elementor-grid\" role=\"list\">\n\t\t\t\t<article class=\"elementor-post elementor-grid-item post-14322 post type-post status-publish format-standard has-post-thumbnail hentry category-non-classifiee\" role=\"listitem\">\n\t\t\t\t<a class=\"elementor-post__thumbnail__link\" href=\"https:\/\/graphired.com\/fr\/le-saviez-vous-faits-amusants-sur-les-hamburgers\/\" tabindex=\"-1\" >\n\t\t\t<div class=\"elementor-post__thumbnail\"><img fetchpriority=\"high\" decoding=\"async\" width=\"300\" height=\"200\" src=\"https:\/\/graphired.com\/wp-content\/uploads\/2024\/01\/vista-superior-clasicas-hamburguesas-queso-junto-papas-fritas-comida-rapida-carne-ternera-plancha-300x200.jpg\" class=\"attachment-medium size-medium wp-image-14041\" alt=\"\" srcset=\"https:\/\/graphired.com\/wp-content\/uploads\/2024\/01\/vista-superior-clasicas-hamburguesas-queso-junto-papas-fritas-comida-rapida-carne-ternera-plancha-300x200.jpg 300w, https:\/\/graphired.com\/wp-content\/uploads\/2024\/01\/vista-superior-clasicas-hamburguesas-queso-junto-papas-fritas-comida-rapida-carne-ternera-plancha-1024x683.jpg 1024w, https:\/\/graphired.com\/wp-content\/uploads\/2024\/01\/vista-superior-clasicas-hamburguesas-queso-junto-papas-fritas-comida-rapida-carne-ternera-plancha-768x512.jpg 768w, https:\/\/graphired.com\/wp-content\/uploads\/2024\/01\/vista-superior-clasicas-hamburguesas-queso-junto-papas-fritas-comida-rapida-carne-ternera-plancha-1536x1024.jpg 1536w, https:\/\/graphired.com\/wp-content\/uploads\/2024\/01\/vista-superior-clasicas-hamburguesas-queso-junto-papas-fritas-comida-rapida-carne-ternera-plancha-2048x1365.jpg 2048w, https:\/\/graphired.com\/wp-content\/uploads\/2024\/01\/vista-superior-clasicas-hamburguesas-queso-junto-papas-fritas-comida-rapida-carne-ternera-plancha-600x400.jpg 600w, https:\/\/graphired.com\/wp-content\/uploads\/2024\/01\/vista-superior-clasicas-hamburguesas-queso-junto-papas-fritas-comida-rapida-carne-ternera-plancha-64x43.jpg 64w\" sizes=\"(max-width: 300px) 100vw, 300px\" \/><\/div>\n\t\t<\/a>\n\t\t\t\t<div class=\"elementor-post__text\">\n\t\t\t\t<h3 class=\"elementor-post__title\">\n\t\t\t<a href=\"https:\/\/graphired.com\/fr\/le-saviez-vous-faits-amusants-sur-les-hamburgers\/\" >\n\t\t\t\tLe saviez-vous ? Faits amusants sur les hamburgers\t\t\t<\/a>\n\t\t<\/h3>\n\t\t\t\t<div class=\"elementor-post__meta-data\">\n\t\t\t\t\t<span class=\"elementor-post-date\">\n\t\t\t4 janvier 2024\t\t<\/span>\n\t\t\t\t<\/div>\n\t\t\t\t<div class=\"elementor-post__excerpt\">\n\t\t\t<p>En plus d&rsquo;\u00eatre irr\u00e9sistibles et d\u00e9licieux, les hamburgers contiennent des informations fascinantes. Dans ce billet, nous vous pr\u00e9sentons 6 faits int\u00e9ressants sur cette d\u00e9licieuse friandise<\/p>\n\t\t<\/div>\n\t\t\n\t\t<a class=\"elementor-post__read-more\" href=\"https:\/\/graphired.com\/fr\/le-saviez-vous-faits-amusants-sur-les-hamburgers\/\" aria-label=\"En savoir plus sur Le saviez-vous ? Faits amusants sur les hamburgers\" tabindex=\"-1\" >\n\t\t\tLire la suite \"\t\t<\/a>\n\n\t\t\t\t<\/div>\n\t\t\t\t<\/article>\n\t\t\t\t<article class=\"elementor-post elementor-grid-item post-13953 post type-post status-publish format-standard has-post-thumbnail hentry category-non-classifiee\" role=\"listitem\">\n\t\t\t\t<a class=\"elementor-post__thumbnail__link\" href=\"https:\/\/graphired.com\/fr\/le-saviez-vous-curiosites-sur-la-gastronomie-japonaise\/\" tabindex=\"-1\" >\n\t\t\t<div class=\"elementor-post__thumbnail\"><img decoding=\"async\" width=\"300\" height=\"200\" src=\"https:\/\/graphired.com\/wp-content\/uploads\/2024\/01\/vista-superior-sobre-olla-caliente-china-300x200.jpg\" class=\"attachment-medium size-medium wp-image-13954\" alt=\"\" srcset=\"https:\/\/graphired.com\/wp-content\/uploads\/2024\/01\/vista-superior-sobre-olla-caliente-china-300x200.jpg 300w, https:\/\/graphired.com\/wp-content\/uploads\/2024\/01\/vista-superior-sobre-olla-caliente-china-1024x683.jpg 1024w, https:\/\/graphired.com\/wp-content\/uploads\/2024\/01\/vista-superior-sobre-olla-caliente-china-768x512.jpg 768w, https:\/\/graphired.com\/wp-content\/uploads\/2024\/01\/vista-superior-sobre-olla-caliente-china-1536x1024.jpg 1536w, https:\/\/graphired.com\/wp-content\/uploads\/2024\/01\/vista-superior-sobre-olla-caliente-china-2048x1366.jpg 2048w, https:\/\/graphired.com\/wp-content\/uploads\/2024\/01\/vista-superior-sobre-olla-caliente-china-600x400.jpg 600w, https:\/\/graphired.com\/wp-content\/uploads\/2024\/01\/vista-superior-sobre-olla-caliente-china-64x43.jpg 64w\" sizes=\"(max-width: 300px) 100vw, 300px\" \/><\/div>\n\t\t<\/a>\n\t\t\t\t<div class=\"elementor-post__text\">\n\t\t\t\t<h3 class=\"elementor-post__title\">\n\t\t\t<a href=\"https:\/\/graphired.com\/fr\/le-saviez-vous-curiosites-sur-la-gastronomie-japonaise\/\" >\n\t\t\t\tLe saviez-vous ? Curiosit\u00e9s sur la gastronomie japonaise\t\t\t<\/a>\n\t\t<\/h3>\n\t\t\t\t<div class=\"elementor-post__meta-data\">\n\t\t\t\t\t<span class=\"elementor-post-date\">\n\t\t\t2 janvier 2024\t\t<\/span>\n\t\t\t\t<\/div>\n\t\t\t\t<div class=\"elementor-post__excerpt\">\n\t\t\t<p>La cuisine orientale est un voyage sensoriel fascinant qui va au-del\u00e0 des saveurs exquises. Des plats embl\u00e9matiques aux techniques de pr\u00e9paration uniques, il existe d&rsquo;innombrables<\/p>\n\t\t<\/div>\n\t\t\n\t\t<a class=\"elementor-post__read-more\" href=\"https:\/\/graphired.com\/fr\/le-saviez-vous-curiosites-sur-la-gastronomie-japonaise\/\" aria-label=\"En savoir plus sur Le saviez-vous ? Curiosit\u00e9s sur la gastronomie japonaise\" tabindex=\"-1\" >\n\t\t\tLire la suite \"\t\t<\/a>\n\n\t\t\t\t<\/div>\n\t\t\t\t<\/article>\n\t\t\t\t<article class=\"elementor-post elementor-grid-item post-14309 post type-post status-publish format-standard has-post-thumbnail hentry category-non-classifiee\" role=\"listitem\">\n\t\t\t\t<a class=\"elementor-post__thumbnail__link\" href=\"https:\/\/graphired.com\/fr\/decryptage-des-plastiques-dans-lemballage-pet-rpet-pla-pp-ps-et-eps\/\" tabindex=\"-1\" >\n\t\t\t<div class=\"elementor-post__thumbnail\"><img decoding=\"async\" width=\"300\" height=\"200\" src=\"https:\/\/graphired.com\/wp-content\/uploads\/2023\/09\/recipientes-plastico-limpiados-antes-reciclar-300x200.jpg\" class=\"attachment-medium size-medium wp-image-14319\" alt=\"\" srcset=\"https:\/\/graphired.com\/wp-content\/uploads\/2023\/09\/recipientes-plastico-limpiados-antes-reciclar-300x200.jpg 300w, https:\/\/graphired.com\/wp-content\/uploads\/2023\/09\/recipientes-plastico-limpiados-antes-reciclar-scaled-600x400.jpg 600w, https:\/\/graphired.com\/wp-content\/uploads\/2023\/09\/recipientes-plastico-limpiados-antes-reciclar-1024x683.jpg 1024w, https:\/\/graphired.com\/wp-content\/uploads\/2023\/09\/recipientes-plastico-limpiados-antes-reciclar-768x512.jpg 768w, https:\/\/graphired.com\/wp-content\/uploads\/2023\/09\/recipientes-plastico-limpiados-antes-reciclar-1536x1024.jpg 1536w, https:\/\/graphired.com\/wp-content\/uploads\/2023\/09\/recipientes-plastico-limpiados-antes-reciclar-2048x1365.jpg 2048w\" sizes=\"(max-width: 300px) 100vw, 300px\" \/><\/div>\n\t\t<\/a>\n\t\t\t\t<div class=\"elementor-post__text\">\n\t\t\t\t<h3 class=\"elementor-post__title\">\n\t\t\t<a href=\"https:\/\/graphired.com\/fr\/decryptage-des-plastiques-dans-lemballage-pet-rpet-pla-pp-ps-et-eps\/\" >\n\t\t\t\tD\u00e9cryptage des plastiques dans l&#8217;emballage : PET, rPET, PLA, PP, PS et EPS\t\t\t<\/a>\n\t\t<\/h3>\n\t\t\t\t<div class=\"elementor-post__meta-data\">\n\t\t\t\t\t<span class=\"elementor-post-date\">\n\t\t\t18 septembre 2023\t\t<\/span>\n\t\t\t\t<\/div>\n\t\t\t\t<div class=\"elementor-post__excerpt\">\n\t\t\t<p>Dans le monde de l&#8217;emballage, les plastiques jouent un r\u00f4le crucial en raison de leur polyvalence et de leur capacit\u00e9 \u00e0 pr\u00e9server la fra\u00eecheur des<\/p>\n\t\t<\/div>\n\t\t\n\t\t<a class=\"elementor-post__read-more\" href=\"https:\/\/graphired.com\/fr\/decryptage-des-plastiques-dans-lemballage-pet-rpet-pla-pp-ps-et-eps\/\" aria-label=\"En savoir plus sur D\u00e9cryptage des plastiques dans l&#8217;emballage : PET, rPET, PLA, PP, PS et EPS\" tabindex=\"-1\" >\n\t\t\tLire la suite \"\t\t<\/a>\n\n\t\t\t\t<\/div>\n\t\t\t\t<\/article>\n\t\t\t\t<article class=\"elementor-post elementor-grid-item post-13948 post type-post status-publish format-standard has-post-thumbnail hentry category-non-classifiee\" role=\"listitem\">\n\t\t\t\t<a class=\"elementor-post__thumbnail__link\" href=\"https:\/\/graphired.com\/fr\/vers-lexcellence-la-valeur-des-certifications-dans-lindustrie-de-lemballage\/\" tabindex=\"-1\" >\n\t\t\t<div class=\"elementor-post__thumbnail\"><img loading=\"lazy\" decoding=\"async\" width=\"300\" height=\"169\" src=\"https:\/\/graphired.com\/wp-content\/uploads\/2023\/09\/web_vajilla_carton_9aedcba61d-300x169.png\" class=\"attachment-medium size-medium wp-image-13949\" alt=\"\" srcset=\"https:\/\/graphired.com\/wp-content\/uploads\/2023\/09\/web_vajilla_carton_9aedcba61d-300x169.png 300w, https:\/\/graphired.com\/wp-content\/uploads\/2023\/09\/web_vajilla_carton_9aedcba61d-600x338.png 600w, https:\/\/graphired.com\/wp-content\/uploads\/2023\/09\/web_vajilla_carton_9aedcba61d-64x36.png 64w, https:\/\/graphired.com\/wp-content\/uploads\/2023\/09\/web_vajilla_carton_9aedcba61d-768x432.png 768w, https:\/\/graphired.com\/wp-content\/uploads\/2023\/09\/web_vajilla_carton_9aedcba61d.png 792w\" sizes=\"(max-width: 300px) 100vw, 300px\" \/><\/div>\n\t\t<\/a>\n\t\t\t\t<div class=\"elementor-post__text\">\n\t\t\t\t<h3 class=\"elementor-post__title\">\n\t\t\t<a href=\"https:\/\/graphired.com\/fr\/vers-lexcellence-la-valeur-des-certifications-dans-lindustrie-de-lemballage\/\" >\n\t\t\t\tVers l&rsquo;excellence : la valeur des certifications dans l&rsquo;industrie de l&#8217;emballage\t\t\t<\/a>\n\t\t<\/h3>\n\t\t\t\t<div class=\"elementor-post__meta-data\">\n\t\t\t\t\t<span class=\"elementor-post-date\">\n\t\t\t18 septembre 2023\t\t<\/span>\n\t\t\t\t<\/div>\n\t\t\t\t<div class=\"elementor-post__excerpt\">\n\t\t\t<p>Dans le monde dynamique de l&rsquo;industrie de l&#8217;emballage, la recherche constante de l&rsquo;excellence est une t\u00e2che sans fin. Afin de rester \u00e0 la pointe du<\/p>\n\t\t<\/div>\n\t\t\n\t\t<a class=\"elementor-post__read-more\" href=\"https:\/\/graphired.com\/fr\/vers-lexcellence-la-valeur-des-certifications-dans-lindustrie-de-lemballage\/\" aria-label=\"En savoir plus sur Vers l&rsquo;excellence : la valeur des certifications dans l&rsquo;industrie de l&#8217;emballage\" tabindex=\"-1\" >\n\t\t\tLire la suite \"\t\t<\/a>\n\n\t\t\t\t<\/div>\n\t\t\t\t<\/article>\n\t\t\t\t<article class=\"elementor-post elementor-grid-item post-13942 post type-post status-publish format-standard has-post-thumbnail hentry category-non-classifiee\" role=\"listitem\">\n\t\t\t\t<a class=\"elementor-post__thumbnail__link\" href=\"https:\/\/graphired.com\/fr\/scatolificio-del-garda-lavant-garde-de-lemballage\/\" tabindex=\"-1\" >\n\t\t\t<div class=\"elementor-post__thumbnail\"><img loading=\"lazy\" decoding=\"async\" width=\"300\" height=\"233\" src=\"https:\/\/graphired.com\/wp-content\/uploads\/2023\/07\/Simes-SCATOLIFICIO-DEL-GARDA_03-300x233.jpg\" class=\"attachment-medium size-medium wp-image-13943\" alt=\"\" srcset=\"https:\/\/graphired.com\/wp-content\/uploads\/2023\/07\/Simes-SCATOLIFICIO-DEL-GARDA_03-300x233.jpg 300w, https:\/\/graphired.com\/wp-content\/uploads\/2023\/07\/Simes-SCATOLIFICIO-DEL-GARDA_03-600x466.jpg 600w, https:\/\/graphired.com\/wp-content\/uploads\/2023\/07\/Simes-SCATOLIFICIO-DEL-GARDA_03-1024x795.jpg 1024w, https:\/\/graphired.com\/wp-content\/uploads\/2023\/07\/Simes-SCATOLIFICIO-DEL-GARDA_03-768x596.jpg 768w, https:\/\/graphired.com\/wp-content\/uploads\/2023\/07\/Simes-SCATOLIFICIO-DEL-GARDA_03-1536x1193.jpg 1536w, https:\/\/graphired.com\/wp-content\/uploads\/2023\/07\/Simes-SCATOLIFICIO-DEL-GARDA_03-1320x1025.jpg 1320w, https:\/\/graphired.com\/wp-content\/uploads\/2023\/07\/Simes-SCATOLIFICIO-DEL-GARDA_03.jpg 2000w\" sizes=\"(max-width: 300px) 100vw, 300px\" \/><\/div>\n\t\t<\/a>\n\t\t\t\t<div class=\"elementor-post__text\">\n\t\t\t\t<h3 class=\"elementor-post__title\">\n\t\t\t<a href=\"https:\/\/graphired.com\/fr\/scatolificio-del-garda-lavant-garde-de-lemballage\/\" >\n\t\t\t\tScatolificio del Garda, l&rsquo;avant-garde de l&#8217;emballage.\t\t\t<\/a>\n\t\t<\/h3>\n\t\t\t\t<div class=\"elementor-post__meta-data\">\n\t\t\t\t\t<span class=\"elementor-post-date\">\n\t\t\t12 mai 2023\t\t<\/span>\n\t\t\t\t<\/div>\n\t\t\t\t<div class=\"elementor-post__excerpt\">\n\t\t\t<p>Depuis leur cr\u00e9ation en 1999, SDG (Scatolificio del Garda) et Graphired ont partag\u00e9 une solide exp\u00e9rience de collaboration, travaillant ensemble avec un objectif clair. Cet<\/p>\n\t\t<\/div>\n\t\t\n\t\t<a class=\"elementor-post__read-more\" href=\"https:\/\/graphired.com\/fr\/scatolificio-del-garda-lavant-garde-de-lemballage\/\" aria-label=\"En savoir plus sur Scatolificio del Garda, l&rsquo;avant-garde de l&#8217;emballage.\" tabindex=\"-1\" >\n\t\t\tLire la suite \"\t\t<\/a>\n\n\t\t\t\t<\/div>\n\t\t\t\t<\/article>\n\t\t\t\t<article class=\"elementor-post elementor-grid-item post-14122 post type-post status-publish format-standard has-post-thumbnail hentry category-non-classifiee\" role=\"listitem\">\n\t\t\t\t<a class=\"elementor-post__thumbnail__link\" href=\"https:\/\/graphired.com\/fr\/viva-magenta-couleur-pantone-2023\/\" tabindex=\"-1\" >\n\t\t\t<div class=\"elementor-post__thumbnail\"><img loading=\"lazy\" decoding=\"async\" width=\"300\" height=\"200\" src=\"https:\/\/graphired.com\/wp-content\/uploads\/2022\/12\/Plantilla-de-imagenes-para-posts-del-blog-Vecpho-300x200.jpg\" class=\"attachment-medium size-medium wp-image-14125\" alt=\"\" srcset=\"https:\/\/graphired.com\/wp-content\/uploads\/2022\/12\/Plantilla-de-imagenes-para-posts-del-blog-Vecpho-300x200.jpg 300w, https:\/\/graphired.com\/wp-content\/uploads\/2022\/12\/Plantilla-de-imagenes-para-posts-del-blog-Vecpho-600x400.jpg 600w, https:\/\/graphired.com\/wp-content\/uploads\/2022\/12\/Plantilla-de-imagenes-para-posts-del-blog-Vecpho-768x512.jpg 768w, https:\/\/graphired.com\/wp-content\/uploads\/2022\/12\/Plantilla-de-imagenes-para-posts-del-blog-Vecpho.jpg 900w\" sizes=\"(max-width: 300px) 100vw, 300px\" \/><\/div>\n\t\t<\/a>\n\t\t\t\t<div class=\"elementor-post__text\">\n\t\t\t\t<h3 class=\"elementor-post__title\">\n\t\t\t<a href=\"https:\/\/graphired.com\/fr\/viva-magenta-couleur-pantone-2023\/\" >\n\t\t\t\tViva Magenta : couleur Pantone 2023.\t\t\t<\/a>\n\t\t<\/h3>\n\t\t\t\t<div class=\"elementor-post__meta-data\">\n\t\t\t\t\t<span class=\"elementor-post-date\">\n\t\t\t16 d\u00e9cembre 2022\t\t<\/span>\n\t\t\t\t<\/div>\n\t\t\t\t<div class=\"elementor-post__excerpt\">\n\t\t\t<p>VIVA MAGENTA : COULEUR PANTONE 2023. &nbsp; Apr\u00e8s trois d\u00e9cennies de travail inlassable, la soci\u00e9t\u00e9 am\u00e9ricaine Pantone continue de susciter l&rsquo;engouement des designers du monde<\/p>\n\t\t<\/div>\n\t\t\n\t\t<a class=\"elementor-post__read-more\" href=\"https:\/\/graphired.com\/fr\/viva-magenta-couleur-pantone-2023\/\" aria-label=\"En savoir plus sur Viva Magenta : couleur Pantone 2023.\" tabindex=\"-1\" >\n\t\t\tLire la suite \"\t\t<\/a>\n\n\t\t\t\t<\/div>\n\t\t\t\t<\/article>\n\t\t\t\t<\/div>\n\t\t\n\t\t\t\t\t\t<\/div>\n\t\t\t\t<\/div>\n\t\t\t\t\t<\/div>\n\t\t<\/div>\n\t\t\t\t\t<\/div>\n\t\t<\/section>\n\t\t\t\t<\/div>\n\t\t","protected":false},"excerpt":{"rendered":"<p>Actualit\u00e9s<\/p>\n","protected":false},"author":1,"featured_media":0,"parent":0,"menu_order":0,"comment_status":"closed","ping_status":"closed","template":"","meta":{"_acf_changed":false,"footnotes":""},"class_list":["post-13897","page","type-page","status-publish","hentry"],"acf":[],"_links":{"self":[{"href":"https:\/\/graphired.com\/fr\/wp-json\/wp\/v2\/pages\/13897","targetHints":{"allow":["GET"]}}],"collection":[{"href":"https:\/\/graphired.com\/fr\/wp-json\/wp\/v2\/pages"}],"about":[{"href":"https:\/\/graphired.com\/fr\/wp-json\/wp\/v2\/types\/page"}],"author":[{"embeddable":true,"href":"https:\/\/graphired.com\/fr\/wp-json\/wp\/v2\/users\/1"}],"replies":[{"embeddable":true,"href":"https:\/\/graphired.com\/fr\/wp-json\/wp\/v2\/comments?post=13897"}],"version-history":[{"count":0,"href":"https:\/\/graphired.com\/fr\/wp-json\/wp\/v2\/pages\/13897\/revisions"}],"wp:attachment":[{"href":"https:\/\/graphired.com\/fr\/wp-json\/wp\/v2\/media?parent=13897"}],"curies":[{"name":"wp","href":"https:\/\/api.w.org\/{rel}","templated":true}]}}